{"id":1354,"date":"2019-09-18T16:19:01","date_gmt":"2019-09-18T15:19:01","guid":{"rendered":"http:\/\/karate-lanester.org\/?page_id=1354"},"modified":"2022-11-22T13:38:56","modified_gmt":"2022-11-22T12:38:56","slug":"lexique-karate","status":"publish","type":"page","link":"https:\/\/karate-lanester.org\/index.php\/lexique-karate\/","title":{"rendered":"LEXIQUE KARATE"},"content":{"rendered":"\n<p>Ce document a \u00e9t\u00e9 \u00e9crit par un Professeur soucieux d&rsquo;apporter \u00e0 ses \u00e9l\u00e8ves un support \u00e9crit pour faciliter la m\u00e9morisation des termes japonais utilis\u00e9s dans ses s\u00e9ances.<\/p>\n\n\n\n<div class=\"wp-block-file\"><a id=\"wp-block-file--media-8fc8edb0-828c-43f5-bb04-a6b95a4118b3\" href=\"https:\/\/karate-lanester.org\/wp-content\/uploads\/2019\/09\/Lexique-Karate-1.pdf\">Lexique-Karate-1<\/a><a href=\"https:\/\/karate-lanester.org\/wp-content\/uploads\/2019\/09\/Lexique-Karate-1.pdf\" class=\"wp-block-file__button wp-element-button\" download aria-describedby=\"wp-block-file--media-8fc8edb0-828c-43f5-bb04-a6b95a4118b3\"><\/a><\/div>\n\n\n\n<p>J&rsquo;en avait d\u00e9j\u00e0 fait la promotion \u00e0 l&rsquo;occasion du stage JKA de Lanester en 2017.  Je l&rsquo;ajoute aujourd&rsquo;hui  sur ce site dans une page d\u00e9di\u00e9e tant il me semble que beaucoup de gens on des probl\u00e8mes de m\u00e9morisation et que d&rsquo;autres trouveraient normal que tous ces termes soient utilis\u00e9s en fran\u00e7ais.<br>Je me suis positionn\u00e9 sur les \u00ab\u00a0r\u00e9seaux sociaux\u00a0\u00bb en disant que si l&rsquo;on voulait parler fran\u00e7ais exclusivement dans la pratique sportive, l&rsquo;escrime est la discipline adapt\u00e9e puisque c&rsquo;est sa langue officielle.<br>De plus ces m\u00eames personnes parlent bien de penalty au football et pas de coup de pied de p\u00e9nalit\u00e9 comme il est dit en rugby, alors&#8230;.<br>Pour le reste, je pense que pratiquer le karat\u00e9 c&rsquo;est aussi essayer de comprendre certaines subtilit\u00e9s de la langue et de la tradition japonaise et pas seulement transpirer b\u00eatement dans un karat\u00e9gi.<br>A tous ceux qui pensent comme moi, je vous souhaite une bonne lecture de ce support et je renouvelle mes f\u00e9licitations \u00e0 son auteur.<\/p>\n\n\n\n<p><\/p>\n","protected":false},"excerpt":{"rendered":"<p>Ce document a \u00e9t\u00e9 \u00e9crit par un Professeur soucieux d&rsquo;apporter \u00e0 ses \u00e9l\u00e8ves un support \u00e9crit pour faciliter la m\u00e9morisation des termes japonais utilis\u00e9s dans ses s\u00e9ances. J&rsquo;en avait d\u00e9j\u00e0 fait la promotion \u00e0 l&rsquo;occasion du stage JKA de Lanester &hellip; <a href=\"https:\/\/karate-lanester.org\/index.php\/lexique-karate\/\">Continuer la lecture <span class=\"meta-nav\">&rarr;<\/span><\/a><\/p>\n","protected":false},"author":1,"featured_media":0,"parent":0,"menu_order":0,"comment_status":"closed","ping_status":"closed","template":"","meta":{"footnotes":""},"class_list":["post-1354","page","type-page","status-publish","hentry"],"_links":{"self":[{"href":"https:\/\/karate-lanester.org\/index.php\/wp-json\/wp\/v2\/pages\/1354","targetHints":{"allow":["GET"]}}],"collection":[{"href":"https:\/\/karate-lanester.org\/index.php\/wp-json\/wp\/v2\/pages"}],"about":[{"href":"https:\/\/karate-lanester.org\/index.php\/wp-json\/wp\/v2\/types\/page"}],"author":[{"embeddable":true,"href":"https:\/\/karate-lanester.org\/index.php\/wp-json\/wp\/v2\/users\/1"}],"replies":[{"embeddable":true,"href":"https:\/\/karate-lanester.org\/index.php\/wp-json\/wp\/v2\/comments?post=1354"}],"version-history":[{"count":3,"href":"https:\/\/karate-lanester.org\/index.php\/wp-json\/wp\/v2\/pages\/1354\/revisions"}],"predecessor-version":[{"id":2435,"href":"https:\/\/karate-lanester.org\/index.php\/wp-json\/wp\/v2\/pages\/1354\/revisions\/2435"}],"wp:attachment":[{"href":"https:\/\/karate-lanester.org\/index.php\/wp-json\/wp\/v2\/media?parent=1354"}],"curies":[{"name":"wp","href":"https:\/\/api.w.org\/{rel}","templated":true}]}}