{"id":1383,"date":"2019-12-02T13:46:56","date_gmt":"2019-12-02T12:46:56","guid":{"rendered":"http:\/\/karate-lanester.org\/?page_id=1383"},"modified":"2020-09-09T13:38:27","modified_gmt":"2020-09-09T12:38:27","slug":"karate-traditionnel","status":"publish","type":"page","link":"https:\/\/karate-lanester.org\/index.php\/karate-traditionnel\/","title":{"rendered":"Karat\u00e9 TRADITIONNEL"},"content":{"rendered":"\n<p>Comment d\u00e9finir le Karat\u00e9 \u00ab\u00a0traditionnel\u00a0\u00bb.<\/p>\n\n\n\n<p>En Karat\u00e9\ntraditionnel, le pratiquant apprend et cherche \u00e0 se perfectionner selon les 3\naxes que sont le Kihon, le Kata, et le Kumite. Cela ne l\u2019emp\u00eache pas d\u2019aller s\u2019exprimer\n&nbsp;dans les espaces de comp\u00e9titions propres\n\u00e0 ses attentes sp\u00e9cifiques.<\/p>\n\n\n\n<p>D\u00e9finir \u00ab\u00a0le\u00a0\u00bb\nKarat\u00e9 traditionnel c&rsquo;est pr\u00e9ciser qu&rsquo;il existe une multitude d&rsquo;\u00e9coles (Ryu) de\nKarat\u00e9. Ainsi on a, selon cette approche, des formes de Karat\u00e9 qui expriment\nleur r\u00e9f\u00e9rences culturelles par des singularismes d\u00e9velopp\u00e9s dans la pratique,\nles Kata, les sensibilit\u00e9s techniques et philosophiques (de l&rsquo;art) de leurs\nfondateurs respectifs.&nbsp; &nbsp; <\/p>\n\n\n\n<p>Pratiquer le Karat\u00e9 traditionnel c&rsquo;est d\u00e9j\u00e0 se r\u00e9f\u00e9rer \u00e0\nun patrimoine qui ne peut faire l&rsquo;impasse sur les r\u00e9f\u00e9rences des styles\noriginaux venus d&rsquo;Okinawa, m\u00eame si nous pratiquons le Karat\u00e9 de l\u2019Ecole\nShotokan qui est Japonais.&nbsp; <\/p>\n\n\n\n<p>Le Karat\u00e9 de la tradition, au d\u00e9but de son d\u00e9veloppement,\nne se pratiquait pas en tant que sport, encore moins dans l&rsquo;objectif de gagner\ndes titres ou m\u00e9dailles. Mais il y a toujours eu des confrontations \u00ab&nbsp;sportives&nbsp;\u00bb\nentre Dojo. Ce fut probablement un \u00e9l\u00e9ment d\u00e9clencheur de la comp\u00e9tition\nencadr\u00e9e. Il valait mieux que les rivalit\u00e9s soient canalis\u00e9es&nbsp;!<\/p>\n\n\n\n<p>Travailler en Dojo, en suivant l&rsquo;enseignement d&rsquo;un professeur, au travers de la pratique du Karat\u00e9 traditionnel c&rsquo;est avant tout &nbsp;prendre conscience du double travail qui est \u00e0 faire &#8211; par soi, en soi, sur soi au Dojo et en dehors : <br>en premier lieu int\u00e9gration, apprentissage et perfectionnement du geste martial ; <br>en second l&rsquo;implicite travail d&rsquo;introspection personnelle consistant \u00e0 questionner l&rsquo;\u00e9go afin de savoir polir ses attitudes sociales dans l&rsquo;\u00e9change, l&rsquo;entraide, la croissance humaine.&nbsp;  <\/p>\n\n\n\n<h2 class=\"wp-block-heading\">Niten Ryu Karat\u00e9      <\/h2>\n\n\n\n<p>Le <a href=\"https:\/\/karate-lanester.org\/index.php\/logo-du-club\/\">logo<\/a> signifie toujours quelque chose\u2026 Le notre a \u00e9volu\u00e9 au fil du temps.<br> D\u2019une premi\u00e8re id\u00e9e \u2013 notion d\u2019\u00e9cole, de continuit\u00e9, de b\u00e2tir dans la dur\u00e9e, est arriv\u00e9e une premi\u00e8re proposition d\u2019un dessinateur sensible aux arts martiaux : <a href=\"http:\/\/goutal.over-blog.com\/\">Alain GOUTAL<\/a>.&nbsp; <\/p>\n\n\n\n<p>L\u2019\u00e9cusson arbore le cercle rouge du karat\u00e9 shotokan<br>\nla grue cendr\u00e9e symbolise la dur\u00e9e, la vie \u00e9ternelle, ceux qui choisissent ce\nsymbole sont dans une logique de b\u00e2tisseurs de solidit\u00e9, pas de zappeurs \u2026<\/p>\n\n\n\n<p>L\u2019id\u00e9ogramme TEN signifie \u201cciel\u201d au sens figur\u00e9. Il faut donc comprendre TEN comme recherche personnelle, d\u00e9sir de se perfectionner etc. On retrouve ce concept en premi\u00e8re place dans le DOJO KUN \u201c<em>hitotsu, jinkaku kansei ni tsutomuru koto<\/em>\u201d \u201cs\u2019efforcer d\u2019atteindre la perfection\u201d\u2026 <\/p>\n\n\n\n<figure class=\"wp-block-image\"><img loading=\"lazy\" decoding=\"async\" width=\"432\" height=\"439\" src=\"https:\/\/karate-lanester.org\/wp-content\/uploads\/2019\/09\/image-pour-broderie.png\" alt=\"\" class=\"wp-image-1335\" srcset=\"https:\/\/karate-lanester.org\/wp-content\/uploads\/2019\/09\/image-pour-broderie.png 432w, https:\/\/karate-lanester.org\/wp-content\/uploads\/2019\/09\/image-pour-broderie-295x300.png 295w\" sizes=\"auto, (max-width: 432px) 100vw, 432px\" \/><\/figure>\n","protected":false},"excerpt":{"rendered":"<p>Comment d\u00e9finir le Karat\u00e9 \u00ab\u00a0traditionnel\u00a0\u00bb. En Karat\u00e9 traditionnel, le pratiquant apprend et cherche \u00e0 se perfectionner selon les 3 axes que sont le Kihon, le Kata, et le Kumite. Cela ne l\u2019emp\u00eache pas d\u2019aller s\u2019exprimer &nbsp;dans les espaces de comp\u00e9titions &hellip; <a href=\"https:\/\/karate-lanester.org\/index.php\/karate-traditionnel\/\">Continuer la lecture <span class=\"meta-nav\">&rarr;<\/span><\/a><\/p>\n","protected":false},"author":1,"featured_media":0,"parent":0,"menu_order":0,"comment_status":"closed","ping_status":"closed","template":"","meta":{"footnotes":""},"class_list":["post-1383","page","type-page","status-publish","hentry"],"_links":{"self":[{"href":"https:\/\/karate-lanester.org\/index.php\/wp-json\/wp\/v2\/pages\/1383","targetHints":{"allow":["GET"]}}],"collection":[{"href":"https:\/\/karate-lanester.org\/index.php\/wp-json\/wp\/v2\/pages"}],"about":[{"href":"https:\/\/karate-lanester.org\/index.php\/wp-json\/wp\/v2\/types\/page"}],"author":[{"embeddable":true,"href":"https:\/\/karate-lanester.org\/index.php\/wp-json\/wp\/v2\/users\/1"}],"replies":[{"embeddable":true,"href":"https:\/\/karate-lanester.org\/index.php\/wp-json\/wp\/v2\/comments?post=1383"}],"version-history":[{"count":9,"href":"https:\/\/karate-lanester.org\/index.php\/wp-json\/wp\/v2\/pages\/1383\/revisions"}],"predecessor-version":[{"id":1851,"href":"https:\/\/karate-lanester.org\/index.php\/wp-json\/wp\/v2\/pages\/1383\/revisions\/1851"}],"wp:attachment":[{"href":"https:\/\/karate-lanester.org\/index.php\/wp-json\/wp\/v2\/media?parent=1383"}],"curies":[{"name":"wp","href":"https:\/\/api.w.org\/{rel}","templated":true}]}}