{"id":14,"date":"2016-08-18T15:55:38","date_gmt":"2016-08-18T14:55:38","guid":{"rendered":"http:\/\/karate-lanester.org\/?page_id=14"},"modified":"2026-02-14T18:14:58","modified_gmt":"2026-02-14T17:14:58","slug":"horaires-de-cours","status":"publish","type":"page","link":"https:\/\/karate-lanester.org\/","title":{"rendered":"Cours"},"content":{"rendered":"\n<blockquote class=\"wp-block-quote is-layout-flow wp-block-quote-is-layout-flow\">\n<p class=\"has-text-align-center\"><strong>LES COURS ADOS &amp; ADULTES CONTINUENT PENDANT LES VACANCES SCOLAIRES.<\/strong><\/p>\n<\/blockquote>\n\n\n\n<marquee><strong>\nPour vous inscrire  il suffit de vous pr\u00e9senter aux heures de cours.\nVous pouvez essayer la discipline pendant 1 mois avant de vous engager<\/marquee><\/strong>\n\n\n\n<figure class=\"wp-block-image size-large is-resized\"><img loading=\"lazy\" decoding=\"async\" width=\"1024\" height=\"576\" src=\"https:\/\/karate-lanester.org\/wp-content\/uploads\/2023\/07\/Presentation-cours-1024x576.jpg\" alt=\"\" class=\"wp-image-2600\" style=\"width:575px;height:322px\" srcset=\"https:\/\/karate-lanester.org\/wp-content\/uploads\/2023\/07\/Presentation-cours-1024x576.jpg 1024w, https:\/\/karate-lanester.org\/wp-content\/uploads\/2023\/07\/Presentation-cours-300x169.jpg 300w, https:\/\/karate-lanester.org\/wp-content\/uploads\/2023\/07\/Presentation-cours-768x432.jpg 768w, https:\/\/karate-lanester.org\/wp-content\/uploads\/2023\/07\/Presentation-cours.jpg 1280w\" sizes=\"auto, (max-width: 1024px) 100vw, 1024px\" \/><\/figure>\n\n\n\n<p>RELEV\u00c9 DE PR\u00c9SENCES<\/p>\n\n\n\n<p>A chaque s\u00e9ance, il vous sera demand\u00e9 d&rsquo;inscrire vos noms et pr\u00e9noms sur un classeur mis \u00e0 disposition par le professeur.<br>Ce relev\u00e9 de pr\u00e9sence h\u00e9rit\u00e9 de la p\u00e9riode COVID nous permettrait d&rsquo;alerter tous les pr\u00e9sents \u00e0 un cours en cas de contamination d\u00e9clar\u00e9e par l&rsquo;un des participants.<br>Il nous permet \u00e9galement d&rsquo;observer \u00e0 post\u00e9riori la fr\u00e9quentation des diff\u00e9rentes s\u00e9ances propos\u00e9es.<\/p>\n\n\n\n<p><\/p>\n\n\n\n<p><a href=\"https:\/\/karate-lanester.org\/index.php\/licences\/\">fiche d&rsquo;inscription et demande de licence<\/a><\/p>\n\n\n\n<h3 class=\"wp-block-heading\">Pr\u00e9sentation des cours   <\/h3>\n\n\n\n<p>Chacun peut venir aux cours de son choix dans sa cat\u00e9gorie d&rsquo;age.<br>Quel que soit votre niveau, si vous venez au <em><strong>cours \u00ab&nbsp;d\u00e9butant&nbsp;\u00bb<\/strong><\/em>, vous aurez un niveau de cours destin\u00e9 \u00e0 ceux qui commencent.<br>Si vous venez au <strong><em>cours \u00ab&nbsp;adultes tous grades&nbsp;\u00bb<\/em><\/strong>, vous aurez un niveau de pratique destin\u00e9 aux personnes ayant 3 ans de pratique et plus. <br>Ce cours peut travailler par niveau et ainsi accueillir des d\u00e9butants dans des ateliers sp\u00e9cifiques. Le nombre de professeurs pr\u00e9sents le permet&nbsp;!<\/p>\n\n\n<p><strong>Cours du matin les Mardi, Jeudi, Vendredi et Samedi.<\/strong><\/p>\n<p>Les <a href=\"https:\/\/karate-lanester.org\/wp-content\/uploads\/2019\/07\/A-Chacun-son-rythme.pdf\">Mardi, jeudi et vendredi matin<\/a> de 10h00 \u00e0 11h30 sont <strong>destin\u00e9s aux personnes qui commencent le karat\u00e9 apr\u00e8s la trentaine&#8230; voire plus, beaucoup plus. (voir \u00e9galement : article-dossier-karate-sant\u00e9<\/strong><br \/>Toutefois, ces cours s&rsquo;adressent aussi aux <u>personnes plus jeunes<\/u>, qui travaillent en <u>horaires atypiques<\/u> par exemple, qui veulent d\u00e9couvrir le karat\u00e9.<br \/>Le rythme de cours est moins \u00ab\u00a0tonique\u00a0\u00bb, mais compte tenu du nombre de professeurs au cours (2 parfois 3) il est possible de travailler en atelier.<br \/>Ces s\u00e9ances rassemblent entre 15 et 20 participants.<br \/>Plusieurs d\u2019entre eux sont encore en activit\u00e9, et chacun peut profiter du travail propos\u00e9. Ce n&rsquo;est pas un cours ou toute intensit\u00e9 est proscrite !!<\/p>\n<p>Le cours du Samedi matin est plus orient\u00e9 sur les enchainements de combat et fait la part belle \u00e0 l\u2019opposition libre.<\/p>\n<p>\u00a0La base KATA est contenue dans ce livre disponible aupr\u00e8s du professeur.<\/p>\n<p><img loading=\"lazy\" decoding=\"async\" class=\"size-medium wp-image-2717 alignright\" src=\"https:\/\/karate-lanester.org\/wp-content\/uploads\/2023\/09\/kanazawa-217x300.jpg\" alt=\"\" width=\"217\" height=\"300\" srcset=\"https:\/\/karate-lanester.org\/wp-content\/uploads\/2023\/09\/kanazawa-217x300.jpg 217w, https:\/\/karate-lanester.org\/wp-content\/uploads\/2023\/09\/kanazawa-742x1024.jpg 742w, https:\/\/karate-lanester.org\/wp-content\/uploads\/2023\/09\/kanazawa-768x1060.jpg 768w, https:\/\/karate-lanester.org\/wp-content\/uploads\/2023\/09\/kanazawa-1113x1536.jpg 1113w, https:\/\/karate-lanester.org\/wp-content\/uploads\/2023\/09\/kanazawa-1484x2048.jpg 1484w, https:\/\/karate-lanester.org\/wp-content\/uploads\/2023\/09\/kanazawa-scaled.jpg 1855w\" sizes=\"auto, (max-width: 217px) 100vw, 217px\" \/><\/p>\n<p>\n\n\n<\/p>\n<div class=\"wp-block-group\"><div class=\"wp-block-group__inner-container is-layout-flow wp-block-group-is-layout-flow\">\n\n<div class=\"wp-block-group\"><div class=\"wp-block-group__inner-container is-layout-flow wp-block-group-is-layout-flow\">\n\n<figure class=\"wp-block-image size-large is-resized\"><img loading=\"lazy\" decoding=\"async\" class=\"wp-image-2191\" src=\"https:\/\/karate-lanester.org\/wp-content\/uploads\/2022\/03\/triptyque-karate-traditionnel-2022-1024x724.jpg\" alt=\"\" width=\"492\" height=\"347\" srcset=\"https:\/\/karate-lanester.org\/wp-content\/uploads\/2022\/03\/triptyque-karate-traditionnel-2022-1024x724.jpg 1024w, https:\/\/karate-lanester.org\/wp-content\/uploads\/2022\/03\/triptyque-karate-traditionnel-2022-300x212.jpg 300w, https:\/\/karate-lanester.org\/wp-content\/uploads\/2022\/03\/triptyque-karate-traditionnel-2022-768x543.jpg 768w, https:\/\/karate-lanester.org\/wp-content\/uploads\/2022\/03\/triptyque-karate-traditionnel-2022-1536x1086.jpg 1536w, https:\/\/karate-lanester.org\/wp-content\/uploads\/2022\/03\/triptyque-karate-traditionnel-2022.jpg 1754w\" sizes=\"auto, (max-width: 492px) 100vw, 492px\" \/><\/figure>\n<p>\n\n<\/p>\n<\/div><\/div>\n<p>\n\n<\/p>\n<p>\n\n<\/p>\n<figure class=\"wp-block-image size-large is-resized\"><img loading=\"lazy\" decoding=\"async\" class=\"wp-image-2192\" src=\"https:\/\/karate-lanester.org\/wp-content\/uploads\/2022\/03\/triptyque-karate-traditionnel-2022-p-2-1024x724.jpg\" alt=\"\" width=\"488\" height=\"344\" srcset=\"https:\/\/karate-lanester.org\/wp-content\/uploads\/2022\/03\/triptyque-karate-traditionnel-2022-p-2-1024x724.jpg 1024w, https:\/\/karate-lanester.org\/wp-content\/uploads\/2022\/03\/triptyque-karate-traditionnel-2022-p-2-300x212.jpg 300w, https:\/\/karate-lanester.org\/wp-content\/uploads\/2022\/03\/triptyque-karate-traditionnel-2022-p-2-768x543.jpg 768w, https:\/\/karate-lanester.org\/wp-content\/uploads\/2022\/03\/triptyque-karate-traditionnel-2022-p-2-1536x1086.jpg 1536w, https:\/\/karate-lanester.org\/wp-content\/uploads\/2022\/03\/triptyque-karate-traditionnel-2022-p-2.jpg 1754w\" sizes=\"auto, (max-width: 488px) 100vw, 488px\" \/><\/figure>\n<p>\n\n<\/p>\n<p>\n\n<\/p>\n<p>\n\n<\/p>\n<\/div><\/div>\n<p>\n\n\n<\/p>\n<p>\n\n\n<\/p>\n<p><a href=\"https:\/\/karate-lanester.org\/wp-content\/uploads\/2019\/09\/PLANNING-HEBDOMADAIRE.pdf\"> \u00a0 \u00a0 \u00a0 \u00a0 <\/a><\/p>\n<p>\n\n\n<\/p>\n<p>\n\n\n<\/p>\n<p>\n\n\n<\/p>","protected":false},"excerpt":{"rendered":"<p>LES COURS ADOS &amp; ADULTES CONTINUENT PENDANT LES VACANCES SCOLAIRES. Pour vous inscrire il suffit de vous pr\u00e9senter aux heures de cours. Vous pouvez essayer la discipline pendant 1 mois avant de vous engager RELEV\u00c9 DE PR\u00c9SENCES A chaque s\u00e9ance, &hellip; <a href=\"https:\/\/karate-lanester.org\/\">Continuer la lecture <span class=\"meta-nav\">&rarr;<\/span><\/a><\/p>\n","protected":false},"author":1,"featured_media":0,"parent":0,"menu_order":0,"comment_status":"closed","ping_status":"closed","template":"","meta":{"footnotes":""},"class_list":["post-14","page","type-page","status-publish","hentry"],"_links":{"self":[{"href":"https:\/\/karate-lanester.org\/index.php\/wp-json\/wp\/v2\/pages\/14","targetHints":{"allow":["GET"]}}],"collection":[{"href":"https:\/\/karate-lanester.org\/index.php\/wp-json\/wp\/v2\/pages"}],"about":[{"href":"https:\/\/karate-lanester.org\/index.php\/wp-json\/wp\/v2\/types\/page"}],"author":[{"embeddable":true,"href":"https:\/\/karate-lanester.org\/index.php\/wp-json\/wp\/v2\/users\/1"}],"replies":[{"embeddable":true,"href":"https:\/\/karate-lanester.org\/index.php\/wp-json\/wp\/v2\/comments?post=14"}],"version-history":[{"count":243,"href":"https:\/\/karate-lanester.org\/index.php\/wp-json\/wp\/v2\/pages\/14\/revisions"}],"predecessor-version":[{"id":3512,"href":"https:\/\/karate-lanester.org\/index.php\/wp-json\/wp\/v2\/pages\/14\/revisions\/3512"}],"wp:attachment":[{"href":"https:\/\/karate-lanester.org\/index.php\/wp-json\/wp\/v2\/media?parent=14"}],"curies":[{"name":"wp","href":"https:\/\/api.w.org\/{rel}","templated":true}]}}