{"id":1402,"date":"2019-12-13T13:35:37","date_gmt":"2019-12-13T12:35:37","guid":{"rendered":"http:\/\/karate-lanester.org\/?page_id=1402"},"modified":"2024-03-04T10:17:13","modified_gmt":"2024-03-04T09:17:13","slug":"ffkda","status":"publish","type":"page","link":"https:\/\/karate-lanester.org\/index.php\/ffkda\/","title":{"rendered":"FFKDA"},"content":{"rendered":"\n<p>Site officiel de la F\u00e9d\u00e9ration Fran\u00e7aise de Karat\u00e9 et Disciplines Associ\u00e9es.<\/p>\n\n\n\n<p><\/p>\n\n\n\n<p class=\"has-text-align-center\">    <a href=\"https:\/\/www.ffkarate.fr\/les-actualites\/\"><img loading=\"lazy\" decoding=\"async\" width=\"150\" height=\"177\" class=\"wp-image-1408\" style=\"width: 150px;\" src=\"https:\/\/karate-lanester.org\/wp-content\/uploads\/2019\/12\/FFK_VERTIVAL_RVB.jpg\" alt=\"\" srcset=\"https:\/\/karate-lanester.org\/wp-content\/uploads\/2019\/12\/FFK_VERTIVAL_RVB.jpg 350w, https:\/\/karate-lanester.org\/wp-content\/uploads\/2019\/12\/FFK_VERTIVAL_RVB-255x300.jpg 255w\" sizes=\"auto, (max-width: 150px) 100vw, 150px\" \/><\/a><\/p>\n\n\n\n<p class=\"has-text-align-center\"><a href=\"https:\/\/www.ffkarate.fr\/les-actualites\/\">ACTUALIT\u00c9S FEDERALES<\/a>  <\/p>\n\n\n\n<figure class=\"wp-block-image size-large is-resized\"><img loading=\"lazy\" decoding=\"async\" src=\"https:\/\/www.ffkarate.fr\/wp-content\/uploads\/2021\/01\/Header_Actualites2-1.jpg\" alt=\"\" width=\"437\" height=\"70\"\/><\/figure>\n\n\n\n<p>La <strong>F\u00e9d\u00e9ration fran\u00e7aise de karat\u00e9<\/strong> (FFK) est une association fran\u00e7aise <a href=\"https:\/\/fr.wikipedia.org\/wiki\/Association_loi_de_1901\">loi de 1901<\/a> fond\u00e9e en <a href=\"https:\/\/fr.wikipedia.org\/wiki\/1975\">1975<\/a> sous le nom de <em>F\u00e9d\u00e9ration fran\u00e7aise de karat\u00e9 et arts martiaux affinitaires<\/em> (FFKAMA).<\/p>\n\n\n\n<p>Son r\u00f4le principal est d\u2019organiser, de contr\u00f4ler et de d\u00e9velopper la pratique du <a href=\"https:\/\/fr.wikipedia.org\/wiki\/Karat%C3%A9\">karat\u00e9<\/a>, des <a href=\"https:\/\/fr.wikipedia.org\/wiki\/Arts_martiaux_vietnamiens\">arts martiaux vietnamiens<\/a> et de diverses disciplines associ\u00e9es sur le territoire fran\u00e7ais, d&rsquo;organiser les comp\u00e9titions nationales et internationales et de d\u00e9livrer les grades. En tant que f\u00e9d\u00e9ration d\u00e9l\u00e9gataire<sup><a href=\"https:\/\/fr.wikipedia.org\/wiki\/F%C3%A9d%C3%A9ration_fran%C3%A7aise_de_karat%C3%A9#cite_note-3\">3<\/a><\/sup><sup>,<\/sup><sup><a href=\"https:\/\/fr.wikipedia.org\/wiki\/F%C3%A9d%C3%A9ration_fran%C3%A7aise_de_karat%C3%A9#cite_note-4\">4<\/a><\/sup> du <a href=\"https:\/\/fr.wikipedia.org\/wiki\/Minist%C3%A8re_de_la_Sant%C3%A9_et_des_Sports_(France)\">minist\u00e8re charg\u00e9 des sports<\/a>, elle est \u00e9galement charg\u00e9e de toutes les missions de service public en rapport avec ses disciplines et notamment le suivi des athl\u00e8tes, la lutte contre le dopage ou encore l&rsquo;int\u00e9gration sociale et citoyenne<sup><a href=\"https:\/\/fr.wikipedia.org\/wiki\/F%C3%A9d%C3%A9ration_fran%C3%A7aise_de_karat%C3%A9#cite_note-5\">5<\/a><\/sup>.<\/p>\n\n\n\n<p>Le Pr\u00e9sident de la F\u00e9d\u00e9ration Fran\u00e7aise de Karat\u00e9 est Francis Didier.<\/p>\n\n\n\n<p>En 1975, la <em>F\u00e9d\u00e9ration Fran\u00e7aise de Karat\u00e9 et Arts Martiaux Affinitaires<\/em> (FFKAMA) prend son ind\u00e9pendance de la <a href=\"https:\/\/fr.wikipedia.org\/wiki\/F%C3%A9d%C3%A9ration_fran%C3%A7aise_de_judo,_jujitsu,_kendo_et_disciplines_associ%C3%A9es\">F\u00e9d\u00e9ration fran\u00e7aise de judo<\/a>.<\/p>\n\n\n\n<p>En 2005, la FFKAMA change de d\u00e9nomination et devient la <em>F\u00e9d\u00e9ration Fran\u00e7aise de Karat\u00e9 et Disciplines Associ\u00e9es<\/em> (FFKDA).<\/p>\n\n\n\n<p>En septembre <a href=\"https:\/\/fr.wikipedia.org\/wiki\/2017\">2017<\/a>, la FFKDA raccourcit son nom pour devenir la <em>F\u00e9d\u00e9ration Fran\u00e7aise de Karat\u00e9<\/em> (FFK).<\/p>\n\n\n\n<p><strong>Liste des pr\u00e9sidents de la FFK<\/strong><\/p>\n\n\n\n<ul class=\"wp-block-list\">\n<li>1975-1998&nbsp;: <a href=\"https:\/\/fr.wikipedia.org\/wiki\/Jacques_Delcourt\">Jacques Delcourt<\/a><\/li>\n\n\n\n<li>1998-2001&nbsp;: G\u00e9rard Gar\u00e7on<\/li>\n\n\n\n<li>depuis 2001&nbsp;: <a href=\"https:\/\/fr.wikipedia.org\/wiki\/Francis_Didier\">Francis Didier<\/a><\/li>\n<\/ul>\n","protected":false},"excerpt":{"rendered":"<p>Site officiel de la F\u00e9d\u00e9ration Fran\u00e7aise de Karat\u00e9 et Disciplines Associ\u00e9es. ACTUALIT\u00c9S FEDERALES La F\u00e9d\u00e9ration fran\u00e7aise de karat\u00e9 (FFK) est une association fran\u00e7aise loi de 1901 fond\u00e9e en 1975 sous le nom de F\u00e9d\u00e9ration fran\u00e7aise de karat\u00e9 et arts martiaux &hellip; <a href=\"https:\/\/karate-lanester.org\/index.php\/ffkda\/\">Continuer la lecture <span class=\"meta-nav\">&rarr;<\/span><\/a><\/p>\n","protected":false},"author":1,"featured_media":0,"parent":0,"menu_order":0,"comment_status":"closed","ping_status":"closed","template":"","meta":{"footnotes":""},"class_list":["post-1402","page","type-page","status-publish","hentry"],"_links":{"self":[{"href":"https:\/\/karate-lanester.org\/index.php\/wp-json\/wp\/v2\/pages\/1402","targetHints":{"allow":["GET"]}}],"collection":[{"href":"https:\/\/karate-lanester.org\/index.php\/wp-json\/wp\/v2\/pages"}],"about":[{"href":"https:\/\/karate-lanester.org\/index.php\/wp-json\/wp\/v2\/types\/page"}],"author":[{"embeddable":true,"href":"https:\/\/karate-lanester.org\/index.php\/wp-json\/wp\/v2\/users\/1"}],"replies":[{"embeddable":true,"href":"https:\/\/karate-lanester.org\/index.php\/wp-json\/wp\/v2\/comments?post=1402"}],"version-history":[{"count":19,"href":"https:\/\/karate-lanester.org\/index.php\/wp-json\/wp\/v2\/pages\/1402\/revisions"}],"predecessor-version":[{"id":2822,"href":"https:\/\/karate-lanester.org\/index.php\/wp-json\/wp\/v2\/pages\/1402\/revisions\/2822"}],"wp:attachment":[{"href":"https:\/\/karate-lanester.org\/index.php\/wp-json\/wp\/v2\/media?parent=1402"}],"curies":[{"name":"wp","href":"https:\/\/api.w.org\/{rel}","templated":true}]}}