{"id":1441,"date":"2019-12-21T15:02:40","date_gmt":"2019-12-21T14:02:40","guid":{"rendered":"http:\/\/karate-lanester.org\/?page_id=1441"},"modified":"2025-07-16T12:59:26","modified_gmt":"2025-07-16T11:59:26","slug":"interruption-des-cours","status":"publish","type":"page","link":"https:\/\/karate-lanester.org\/index.php\/interruption-des-cours\/","title":{"rendered":"COURS &amp; ENTRAINEMENTS ETE 2025"},"content":{"rendered":"\n<p class=\"has-text-align-center\"><\/p>\n\n\n\n<p> <strong>Pour vous inscrire il suffit de vous pr\u00e9senter aux heures de cours. Vous pouvez essayer la discipline pendant 1 mois avant de vous engager<\/strong><\/p>\n\n\n\n<div data-wp-interactive=\"core\/file\" class=\"wp-block-file\"><object data-wp-bind--hidden=\"!state.hasPdfPreview\" hidden class=\"wp-block-file__embed\" data=\"https:\/\/karate-lanester.org\/wp-content\/uploads\/2025\/07\/2025-06-29-planning-ete-3.pdf\" type=\"application\/pdf\" style=\"width:100%;height:600px\" aria-label=\"Contenu embarqu\u00e9 2025 06 29 planning \u00e9t\u00e9.\"><\/object><a id=\"wp-block-file--media-7a53d626-7520-4b68-a3dd-9204d6c7418d\" href=\"https:\/\/karate-lanester.org\/wp-content\/uploads\/2025\/07\/2025-06-29-planning-ete-3.pdf\">2025 06 29 planning \u00e9t\u00e9<\/a><a href=\"https:\/\/karate-lanester.org\/wp-content\/uploads\/2025\/07\/2025-06-29-planning-ete-3.pdf\" class=\"wp-block-file__button wp-element-button\" download aria-describedby=\"wp-block-file--media-7a53d626-7520-4b68-a3dd-9204d6c7418d\">T\u00e9l\u00e9charger<\/a><\/div>\n\n\n\n<p class=\"has-text-align-center\"><\/p>\n\n\n\n<figure class=\"wp-block-image\"><img decoding=\"async\" src=\"https:\/\/karate-lanester.org\/wp-content\/uploads\/2019\/12\/Pr\u00e9sentation1-1-1024x576.jpg\" alt=\"\" class=\"wp-image-1442\"\/><\/figure>\n","protected":false},"excerpt":{"rendered":"<p>Pour vous inscrire il suffit de vous pr\u00e9senter aux heures de cours. Vous pouvez essayer la discipline pendant 1 mois avant de vous engager<\/p>\n","protected":false},"author":1,"featured_media":0,"parent":0,"menu_order":0,"comment_status":"closed","ping_status":"closed","template":"","meta":{"footnotes":""},"class_list":["post-1441","page","type-page","status-publish","hentry"],"_links":{"self":[{"href":"https:\/\/karate-lanester.org\/index.php\/wp-json\/wp\/v2\/pages\/1441","targetHints":{"allow":["GET"]}}],"collection":[{"href":"https:\/\/karate-lanester.org\/index.php\/wp-json\/wp\/v2\/pages"}],"about":[{"href":"https:\/\/karate-lanester.org\/index.php\/wp-json\/wp\/v2\/types\/page"}],"author":[{"embeddable":true,"href":"https:\/\/karate-lanester.org\/index.php\/wp-json\/wp\/v2\/users\/1"}],"replies":[{"embeddable":true,"href":"https:\/\/karate-lanester.org\/index.php\/wp-json\/wp\/v2\/comments?post=1441"}],"version-history":[{"count":13,"href":"https:\/\/karate-lanester.org\/index.php\/wp-json\/wp\/v2\/pages\/1441\/revisions"}],"predecessor-version":[{"id":3240,"href":"https:\/\/karate-lanester.org\/index.php\/wp-json\/wp\/v2\/pages\/1441\/revisions\/3240"}],"wp:attachment":[{"href":"https:\/\/karate-lanester.org\/index.php\/wp-json\/wp\/v2\/media?parent=1441"}],"curies":[{"name":"wp","href":"https:\/\/api.w.org\/{rel}","templated":true}]}}