{"id":1447,"date":"2019-12-22T18:38:26","date_gmt":"2019-12-22T17:38:26","guid":{"rendered":"http:\/\/karate-lanester.org\/?page_id=1447"},"modified":"2021-12-23T20:57:00","modified_gmt":"2021-12-23T19:57:00","slug":"histoire-du-karate","status":"publish","type":"page","link":"https:\/\/karate-lanester.org\/index.php\/histoire-du-karate\/","title":{"rendered":"Histoire du Karat\u00e9"},"content":{"rendered":"\n<p>Le document que nous vous pr\u00e9sentons a \u00e9t\u00e9 \u00e9labor\u00e9 pour faire une pr\u00e9sentation synth\u00e9tique  <\/p>\n\n\n\n<figure class=\"wp-block-image is-resized\"><img loading=\"lazy\" decoding=\"async\" src=\"https:\/\/karate-lanester.org\/wp-content\/uploads\/2019\/12\/Le-Karat\u00e9-pr\u00e9sentation-par-Christophe-Delalande-1-1024x576.jpg\" alt=\"\" class=\"wp-image-1450\" width=\"428\" height=\"241\" srcset=\"https:\/\/karate-lanester.org\/wp-content\/uploads\/2019\/12\/Le-Karat\u00e9-pr\u00e9sentation-par-Christophe-Delalande-1-1024x576.jpg 1024w, https:\/\/karate-lanester.org\/wp-content\/uploads\/2019\/12\/Le-Karat\u00e9-pr\u00e9sentation-par-Christophe-Delalande-1-300x169.jpg 300w, https:\/\/karate-lanester.org\/wp-content\/uploads\/2019\/12\/Le-Karat\u00e9-pr\u00e9sentation-par-Christophe-Delalande-1-768x432.jpg 768w, https:\/\/karate-lanester.org\/wp-content\/uploads\/2019\/12\/Le-Karat\u00e9-pr\u00e9sentation-par-Christophe-Delalande-1.jpg 1280w\" sizes=\"auto, (max-width: 428px) 100vw, 428px\" \/><figcaption><a href=\"https:\/\/karate-lanester.org\/wp-content\/uploads\/2019\/12\/Le-Karat\u00e9-pr\u00e9sentation-par-Christophe-Delalande.pdf\">https:\/\/karate-lanester.org\/wp-content\/uploads\/2019\/12\/Le-Karat\u00e9-pr\u00e9sentation-par-Christophe-Delalande.pdf<\/a><\/figcaption><\/figure>\n\n\n\n<p>De nombreux ouvrages existent qui pr\u00e9sentent le karat\u00e9 et son histoire. Les \u00e9l\u00e9ments \u00ab\u00a0enseignements et philosophie du ma\u00eetre\u00a0\u00bb sont tir\u00e9s de Wikip\u00e9dia.<\/p>\n\n\n\n<p>Il serait pr\u00e9somptueux de brosser cette histoire en quelques\nlignes, aussi nous avons choisi une pr\u00e9sentation sous forme de diaporama afin de\ngarder en m\u00e9moire les grandes \u00e9tapes de la cr\u00e9ation du karat\u00e9 que nous\npratiquons aujourd\u2019hui.<\/p>\n\n\n\n<p>Nous faisons partie du courant Shotokan, cr\u00e9\u00e9 par Sense\u00ef\nGichin FUNAKOSHI (10 11 1868 d\u00e9c\u00e9d\u00e9 le 26 04 1957).<\/p>\n\n\n\n<p><strong>Enseignements et philosophie du ma\u00eetre<\/strong><\/p>\n\n\n\n<p>Gichin Funakoshi,\nle \u00ab&nbsp;p\u00e8re du karat\u00e9&nbsp;\u00bb, aurait dit que \u00ab&nbsp;l&rsquo;objectif ultime du\nkarat\u00e9 ne se r\u00e9sume pas aux mots \u00ab&nbsp;victoire&nbsp;\u00bb et\n\u00ab&nbsp;d\u00e9faite&nbsp;\u00bb, mais consiste plut\u00f4t dans le polissage du caract\u00e8re des\npratiquants&nbsp;\u00bb. L&rsquo;approche de O&rsquo;Sensei Funakoshi met en exergue les valeurs\nspirituelles et la finesse mentale au d\u00e9triment de toute forme de brutalit\u00e9,\nque celle-ci rel\u00e8ve de la force physique ou de la technique. Il ne tardait\njamais \u00e0 mettre en garde pr\u00e9tentieux et autres vaniteux qui, assoiff\u00e9s de\ngloire, participaient \u00e0 de spectaculaires d\u00e9monstrations. \u00ab&nbsp;<em>Ils jouent\ndans les branches et le feuillage d&rsquo;un arbre sans avoir la moindre id\u00e9e de ce\nque rec\u00e8le le tronc.<\/em>&nbsp;\u00bb <\/p>\n\n\n\n<p>Aux yeux de\nO&rsquo;Sensei, la pratique du <a href=\"https:\/\/fr.wikipedia.org\/wiki\/Karat%C3%A9\">karat\u00e9<\/a> visait aussi bien la ma\u00eetrise de l&rsquo;art lui-m\u00eame que la\nma\u00eetrise de notre propre esprit. C&rsquo;est ainsi que, dans <em>Karate-d\u00f4 Ky\u00f4han<\/em>,\nil \u00e9crit&nbsp;: \u00ab&nbsp;<em>La valeur de l&rsquo;art d\u00e9pend de celui qui l&rsquo;utilise.\nS&rsquo;il est utilis\u00e9 pour une cause juste, alors sa valeur est grande; par contre,\ns&rsquo;il en est fait un mauvais usage, alors il n&rsquo;est pas d&rsquo;art plus nuisible et\nmalfaisant que le karat\u00e9.<\/em>&nbsp;\u00bb Les <a href=\"https:\/\/fr.wikipedia.org\/wiki\/Arts_martiaux\">arts\nmartiaux<\/a> ne sauraient \u00eatre r\u00e9duits \u00e0 de simples techniques, ruses et <a href=\"https:\/\/fr.wikipedia.org\/wiki\/Strat%C3%A9gies\">strat\u00e9gies<\/a>,\ndont l&rsquo;unique dessein serait d&rsquo;apporter la victoire en <a href=\"https:\/\/fr.wikipedia.org\/wiki\/Combat\">combat<\/a>. <\/p>\n\n\n\n<p>Dans la\nconception de O&rsquo;Sensei, ma\u00eetrise et agilit\u00e9 techniques s&rsquo;affadissent bien plus\nvite au regard des vertus bien plus essentielles que sont le polissage du c\u0153ur\net du caract\u00e8re. Il encourageait les pratiquants \u00e0 chercher les aspects cach\u00e9s\net fondamentaux de l&rsquo;art. <\/p>\n\n\n\n<p>Le Ma\u00eetre Gichin Funakoshi est le p\u00e8re fondateur du karat\u00e9-do moderne. C&rsquo;est en tant que pr\u00e9sident de la <em>Okinawa Shobukai<\/em>, une association de karat\u00e9, qu&rsquo;il fut convi\u00e9 en mai 1922 par le minist\u00e8re de l&rsquo;\u00c9ducation \u00e0 prendre part \u00e0 une d\u00e9monstration, agr\u00e9\u00e9e par le gouvernement nippon, organis\u00e9e \u00e0 Tokyo. Cette d\u00e9monstration mettait en sc\u00e8ne les arts martiaux traditionnels du pays, parmi lesquels le karat\u00e9. C&rsquo;est ainsi qu&rsquo;il fut le premier h\u00e9raut du karat\u00e9-jutsu, discipline originale en provenance d&rsquo;Okinawa (<a href=\"https:\/\/fr.wikipedia.org\/wiki\/%C3%8Eles_Ry%C5%ABky%C5%AB\">\u00eeles Ry\u016bky\u016b<\/a>). Il devait alors, pour satisfaire les requ\u00eates de nombreux individus, s&rsquo;installer dans la capitale et y travailler \u00e0 vulgariser son art martial. Avant de s&rsquo;\u00e9teindre en 1957, il avait form\u00e9 de nombreux \u00e9l\u00e8ves&nbsp;: Obata, Okuyama, Egami, Harada, Hironishi, Takagi, Ohshima, Nakayama, <a href=\"https:\/\/fr.wikipedia.org\/wiki\/Hidetaka_Nishiyama\">Hidetaka Nishiyama<\/a>, <a href=\"https:\/\/fr.wikipedia.org\/wiki\/Hirokazu_Kanazawa\">Hirokazu Kanazawa<\/a>, <a href=\"https:\/\/fr.wikipedia.org\/wiki\/Taiji_Kase\">Taiji Kase<\/a>\u2026<\/p>\n\n\n\n<h2 class=\"wp-block-heading\">Bibliographie<\/h2>\n\n\n\n<ul class=\"wp-block-list\"><li>Funakoshi, Gichin (1975). <em>The Twenty Guiding Principles of Karate: The Spiritual Legacy of the Master<\/em>, translated by John Teramoto. Kodansha International Ltd.  (<a href=\"https:\/\/fr.wikipedia.org\/wiki\/International_Standard_Book_Number\">ISBN<\/a>&nbsp;<a href=\"https:\/\/fr.wikipedia.org\/wiki\/Sp%C3%A9cial:Ouvrages_de_r%C3%A9f%C3%A9rence\/4-7700-2796-6\">4-7700-2796-6<\/a>). <\/li><\/ul>\n\n\n\n<ul class=\"wp-block-list\"><li>Karate do kyohan &#8211; il pr\u00e9sente les textes fondateurs de la plume de ma\u00eetre Funakoshi ainsi que les photos du ma\u00eetre disparu  (<a href=\"https:\/\/fr.wikipedia.org\/wiki\/International_Standard_Book_Number\">ISBN<\/a>&nbsp;<a href=\"https:\/\/fr.wikipedia.org\/wiki\/Sp%C3%A9cial:Ouvrages_de_r%C3%A9f%C3%A9rence\/9782846171137\">9782846171137<\/a>)<\/li><li>Karate do nyumon  (<a href=\"https:\/\/fr.wikipedia.org\/wiki\/International_Standard_Book_Number\">ISBN<\/a>&nbsp;<a href=\"https:\/\/fr.wikipedia.org\/wiki\/Sp%C3%A9cial:Ouvrages_de_r%C3%A9f%C3%A9rence\/9782908580860\">9782908580860<\/a>)<\/li><li>Karate jutsu &#8211; la bible du karate do  (<a href=\"https:\/\/fr.wikipedia.org\/wiki\/International_Standard_Book_Number\">ISBN<\/a>&nbsp;<a href=\"https:\/\/fr.wikipedia.org\/wiki\/Sp%C3%A9cial:Ouvrages_de_r%C3%A9f%C3%A9rence\/9782846170246\">9782846170246<\/a>)<\/li><li>Karate do, ma voie, ma vie  (<a href=\"https:\/\/fr.wikipedia.org\/wiki\/International_Standard_Book_Number\">ISBN<\/a>&nbsp;<a href=\"https:\/\/fr.wikipedia.org\/wiki\/Sp%C3%A9cial:Ouvrages_de_r%C3%A9f%C3%A9rence\/9782846172479\">9782846172479<\/a>)<\/li><li>Les 20 preceptes du karate-do  (<a href=\"https:\/\/fr.wikipedia.org\/wiki\/International_Standard_Book_Number\">ISBN<\/a>&nbsp;<a href=\"https:\/\/fr.wikipedia.org\/wiki\/Sp%C3%A9cial:Ouvrages_de_r%C3%A9f%C3%A9rence\/9782846170642\">9782846170642<\/a>)<\/li><\/ul>\n","protected":false},"excerpt":{"rendered":"<p>Le document que nous vous pr\u00e9sentons a \u00e9t\u00e9 \u00e9labor\u00e9 pour faire une pr\u00e9sentation synth\u00e9tique De nombreux ouvrages existent qui pr\u00e9sentent le karat\u00e9 et son histoire. Les \u00e9l\u00e9ments \u00ab\u00a0enseignements et philosophie du ma\u00eetre\u00a0\u00bb sont tir\u00e9s de Wikip\u00e9dia. Il serait pr\u00e9somptueux de &hellip; <a href=\"https:\/\/karate-lanester.org\/index.php\/histoire-du-karate\/\">Continuer la lecture <span class=\"meta-nav\">&rarr;<\/span><\/a><\/p>\n","protected":false},"author":1,"featured_media":0,"parent":0,"menu_order":0,"comment_status":"closed","ping_status":"closed","template":"","meta":{"footnotes":""},"class_list":["post-1447","page","type-page","status-publish","hentry"],"_links":{"self":[{"href":"https:\/\/karate-lanester.org\/index.php\/wp-json\/wp\/v2\/pages\/1447","targetHints":{"allow":["GET"]}}],"collection":[{"href":"https:\/\/karate-lanester.org\/index.php\/wp-json\/wp\/v2\/pages"}],"about":[{"href":"https:\/\/karate-lanester.org\/index.php\/wp-json\/wp\/v2\/types\/page"}],"author":[{"embeddable":true,"href":"https:\/\/karate-lanester.org\/index.php\/wp-json\/wp\/v2\/users\/1"}],"replies":[{"embeddable":true,"href":"https:\/\/karate-lanester.org\/index.php\/wp-json\/wp\/v2\/comments?post=1447"}],"version-history":[{"count":3,"href":"https:\/\/karate-lanester.org\/index.php\/wp-json\/wp\/v2\/pages\/1447\/revisions"}],"predecessor-version":[{"id":2138,"href":"https:\/\/karate-lanester.org\/index.php\/wp-json\/wp\/v2\/pages\/1447\/revisions\/2138"}],"wp:attachment":[{"href":"https:\/\/karate-lanester.org\/index.php\/wp-json\/wp\/v2\/media?parent=1447"}],"curies":[{"name":"wp","href":"https:\/\/api.w.org\/{rel}","templated":true}]}}