{"id":159,"date":"2016-08-31T21:19:29","date_gmt":"2016-08-31T20:19:29","guid":{"rendered":"http:\/\/karate-lanester.org\/?page_id=159"},"modified":"2016-08-31T21:19:29","modified_gmt":"2016-08-31T20:19:29","slug":"livre-dor","status":"publish","type":"page","link":"https:\/\/karate-lanester.org\/index.php\/livre-dor\/","title":{"rendered":"Livre d&rsquo;Or"},"content":{"rendered":"<div class=\"gwolle-gb\"><div class=\"gwolle-gb-messages-top-container\"><\/div>\n\t\t\t<div class=\"gwolle-gb-write-button\">\n\t\t\t\t<input type=\"button\" name=\"gwolle-gb-write-button\" class=\"button btn btn-default \" value=\"\u00c9crire un nouveau message\" aria-expanded=\"false\" \/>\n\t\t\t<\/div>\n\t\t\t<form action=\"#\" method=\"POST\" class=\"gwolle-gb-write gwolle-gb-hide gwolle-gb-float gwolle-gb-form-ajax gwolle-gb-ajax gwolle-gb-not-logged-in\">\n\t\t\t\t<h3>\u00c9crivez un nouveau message dans le livre d&#39;or<\/h3>\n\t\t\t\t<button type=\"button\" class=\"gb-notice-dismiss\">x<span class=\"screen-reader-text\">Masquer ce formulaire.<\/span><\/button>\n\t\t\t\n\t\t\t\t<input type=\"hidden\" name=\"gwolle_gb_function\" class=\"gwolle_gb_function\" value=\"add_entry\" \/><input type=\"hidden\" name=\"gwolle_gb_book_id\" class=\"gwolle_gb_book_id\" value=\"1\" \/><div class=\"gwolle_gb_956538fd73a0b722dca8e31bcbfb7010\">\n\t\t\t\t<div class=\"label\"><label for=\"gwolle_gb_956538fd73a0b722dca8e31bcbfb7010-1\" class=\"text-info\">Nom <span class=\"required\">*<\/span><\/label><\/div>\n\t\t\t\t<div class=\"input\"><input class=\"wp-exclude-emoji gwolle_gb_956538fd73a0b722dca8e31bcbfb7010\" value=\"\" type=\"text\" id=\"gwolle_gb_956538fd73a0b722dca8e31bcbfb7010-1\" name=\"gwolle_gb_956538fd73a0b722dca8e31bcbfb7010\" required \/><\/div>\n\t\t\t\t<div class=\"clearBoth\">&nbsp;<\/div>\n\t\t\t<\/div><div class=\"gwolle_gb_d6ad3e3563921ce4ee5328da653bc2ce\">\n\t\t\t\t\t<div class=\"label\"><label for=\"gwolle_gb_d6ad3e3563921ce4ee5328da653bc2ce-1\" class=\"text-info\">Ville<\/label><\/div>\n\t\t\t\t\t<div class=\"input\"><input class=\"wp-exclude-emoji gwolle_gb_d6ad3e3563921ce4ee5328da653bc2ce\" value=\"\" type=\"text\" id=\"gwolle_gb_d6ad3e3563921ce4ee5328da653bc2ce-1\" name=\"gwolle_gb_d6ad3e3563921ce4ee5328da653bc2ce\" \/><\/div>\n\t\t\t\t\t<div class=\"clearBoth\">&nbsp;<\/div>\n\t\t\t\t<\/div><div class=\"gwolle_gb_cf1502e7aa0db30eedd47612cd1f83db\">\n\t\t\t\t<div class=\"label\"><label for=\"gwolle_gb_cf1502e7aa0db30eedd47612cd1f83db-1\" class=\"text-info\">E-mail <span class=\"required\">*<\/span><\/label><\/div>\n\t\t\t\t<div class=\"input\"><input class=\"gwolle_gb_cf1502e7aa0db30eedd47612cd1f83db\" value=\"\" type=\"email\" id=\"gwolle_gb_cf1502e7aa0db30eedd47612cd1f83db-1\" name=\"gwolle_gb_cf1502e7aa0db30eedd47612cd1f83db\" required \/><\/div>\n\t\t\t\t<div class=\"clearBoth\">&nbsp;<\/div>\n\t\t\t<\/div><div class=\"gwolle_gb_180ec5de038aaaaa8f75f7ef670a84dd\">\n\t\t\t\t<div class=\"label\"><label for=\"gwolle_gb_180ec5de038aaaaa8f75f7ef670a84dd-1\" class=\"text-info\">Site web<\/label><\/div>\n\t\t\t\t<div class=\"input\"><input class=\"gwolle_gb_180ec5de038aaaaa8f75f7ef670a84dd\" value=\"\" type=\"url\" id=\"gwolle_gb_180ec5de038aaaaa8f75f7ef670a84dd-1\" name=\"gwolle_gb_180ec5de038aaaaa8f75f7ef670a84dd\" \/><\/div>\n\t\t\t\t<div class=\"clearBoth\">&nbsp;<\/div>\n\t\t\t<\/div>\n\t\t\t<div class=\"gwolle_gb_7c5ba24ee0d44a40e84c19aa3bec14ac\" style=\"display:none;overflow:hidden;\" hidden=\"true\" aria-hidden=\"true\">\n\t\t\t\t<div class=\"label\">\n\t\t\t\t\t<label for=\"gwolle_gb_7c5ba24ee0d44a40e84c19aa3bec14ac-1\" class=\"text-primary\">Ne touchez pas \u00e0 ceci<\/label>\n\t\t\t\t\t<label for=\"gwolle_gb_3c6936d1bd3333cb53b7534febc06fd3-1\" class=\"text-primary\">Ne touchez pas \u00e0 ceci<\/label>\n\t\t\t\t<\/div>\n\t\t\t\t<div class=\"input\">\n\t\t\t\t\t<input value=\"18\" type=\"text\" id=\"gwolle_gb_7c5ba24ee0d44a40e84c19aa3bec14ac-1\" name=\"gwolle_gb_7c5ba24ee0d44a40e84c19aa3bec14ac\" class=\"gwolle_gb_7c5ba24ee0d44a40e84c19aa3bec14ac\" style=\"transform: translateY(10000px);\" \/>\n\t\t\t\t\t<input value=\"\" type=\"text\" name=\"gwolle_gb_3c6936d1bd3333cb53b7534febc06fd3\" id=\"gwolle_gb_3c6936d1bd3333cb53b7534febc06fd3-1\" class=\"gwolle_gb_3c6936d1bd3333cb53b7534febc06fd3\" style=\"transform: translateY(10000px);\" \/>\n\t\t\t\t<\/div>\n\t\t\t\t<div class=\"clearBoth\"><\/div>\n\t\t\t<\/div>\n\t\t\t<div class=\"gwolle_gb_4121d59a1067580435f15e70d82f342d\" style=\"display:none;overflow:hidden;\" hidden=\"true\" aria-hidden=\"true\">\n\t\t\t\t<div class=\"label\">\n\t\t\t\t\t<label for=\"gwolle_gb_4121d59a1067580435f15e70d82f342d-1\" class=\"text-primary\">Ne touchez pas \u00e0 ceci<\/label>\n\t\t\t\t\t<label for=\"gwolle_gb_5380dc55342839c5dc8a3e661762245c-1\" class=\"text-primary\">Ne touchez pas \u00e0 ceci<\/label>\n\t\t\t\t<\/div>\n\t\t\t\t<div class=\"input\">\n\t\t\t\t\t<input value=\"28415\" type=\"text\" id=\"gwolle_gb_4121d59a1067580435f15e70d82f342d-1\" name=\"gwolle_gb_4121d59a1067580435f15e70d82f342d\" class=\"gwolle_gb_4121d59a1067580435f15e70d82f342d\" style=\"transform: translateY(10000px);\" \/>\n\t\t\t\t\t<input value=\"28415\" type=\"text\"id=\"gwolle_gb_5380dc55342839c5dc8a3e661762245c-1\" name=\"gwolle_gb_5380dc55342839c5dc8a3e661762245c\" class=\"gwolle_gb_5380dc55342839c5dc8a3e661762245c\" style=\"transform: translateY(10000px);\" \/>\n\t\t\t\t<\/div>\n\t\t\t\t<div class=\"clearBoth\"><\/div>\n\t\t\t<\/div><div class=\"gwolle_gb_content\">\n\t\t\t\t<div class=\"label\"><label for=\"gwolle_gb_content-1\" class=\"text-info\">Message du livre d\u2019or <span class=\"required\">*<\/span><\/label><\/div>\n\t\t\t\t<div class=\"input\"><textarea id=\"gwolle_gb_content-1\" name=\"gwolle_gb_content\" class=\"gwolle_gb_content wp-exclude-emoji\" required ><\/textarea><\/div>\n\t\t\t\t\t<div class=\"clearBoth\">&nbsp;<\/div>\n\t\t\t\t<\/div><input type=\"hidden\" class=\"gwolle_gb_7ff5da8fc6528b45aedbbf32375a7d1e\" id=\"gwolle_gb_7ff5da8fc6528b45aedbbf32375a7d1e-1\" name=\"gwolle_gb_7ff5da8fc6528b45aedbbf32375a7d1e\" value=\"72b6fdcc05\" \/>\n\t\t\t<div class=\"gwolle-gb-messages-bottom-container\"><\/div>\n\n\t\t\t<noscript><div class=\"no-js\">Avertissement\u00a0: Ce formulaire ne peut \u00eatre utilis\u00e9 que si JavaScript est activ\u00e9 dans votre navigateur.<\/div><\/noscript>\n\n\t\t\t<div class=\"gwolle_gb_submit gwolle-gb-submit\">\n\t\t\t\t<div class=\"label gwolle-gb-invisible text-muted\">&nbsp;<\/div>\n\t\t\t\t<div class=\"input\">\n\t\t\t\t\t<input type=\"submit\" name=\"gwolle_gb_submit\" class=\"gwolle_gb_submit button btn btn-primary \" value=\"Envoyer\" \/>\n\t\t\t\t\t<span class=\"gwolle_gb_submit_ajax_icon gwolle-gb-submit-ajax-icon\"><\/span>\n\t\t\t\n\t\t\t\t<\/div>\n\t\t\t\t<div class=\"clearBoth\">&nbsp;<\/div>\n\t\t\t<\/div>\n\n\t\t\t<div class=\"gwolle_gb_notice gwolle-gb-notice\">\n\t\t\t\tLes champs marqu\u00e9s avec un * sont obligatoires.<br \/>\r\nVotre adresse e-mail ne sera pas publi\u00e9e.<br \/>\r\nPour des raisons de s\u00e9curit\u00e9, nous sauvegardons votre adresse IP 216.73.217.66.<br \/>\r\nIl se pourrait que votre message n\u2019apparaisse dans le livre d&#039;or qu\u2019apr\u00e8s que nous l\u2019ayons v\u00e9rifi\u00e9.<br \/>\r\nNous nous r\u00e9servons le droit de modifier, de supprimer, ou de ne pas publier les messages.\n\t\t\t<\/div><\/form><div class=\"gwolle-gb-read gwolle-gb-ajax gwolle-gb-entries-list\" data-book_id=\"1\" data-page_id=\"1\">\n\t\t<div id=\"gwolle-gb-total\" class=\"gwolle-gb-total\">4 messages.<\/div><!-- Gwolle-GB Entry: Default Template Loaded -->\n\t\t\t\t<div class=\"gb-entry gb-entry_58 gb-entry-count_1 gwolle-gb-uneven gwolle-gb-first\" id=\"gb-entry_58\" data-entry_id=\"58\">\n\t\t\t\t<article>\n\t\t\t\t\t<div class=\"gb-author-info\">\n\t\t\t\t\t\t<span class=\"gb-author-avatar\"><img referrerpolicy=\"no-referrer\" alt='Delaire' src='https:\/\/secure.gravatar.com\/avatar\/d3f4b297574edfc6355212175900b3d673a210ee48cc6c7dcbe27c253f6a87b7?s=32&#038;d=mm&#038;r=g' srcset='https:\/\/secure.gravatar.com\/avatar\/d3f4b297574edfc6355212175900b3d673a210ee48cc6c7dcbe27c253f6a87b7?s=64&#038;d=mm&#038;r=g 2x' class='avatar avatar-32 photo' height='32' width='32' \/><\/span>\n\t\t\t\t\t\t<span class=\"gb-author-name\">Delaire\n\t\t\t\t\t\t<\/span>\n\t\t\t\t\t\t<span class=\"gb-author-origin\">\n\t\t\t\t\t\t\t<span class=\"gb-author-origin-from-text\"> de<\/span>\n\t\t\t\t\t\t\t<span class=\"gb-author-origin-text\"> Dominique<\/span>\n\t\t\t\t\t\t<\/span>\n\t\t\t\t\t\t<span class=\"gb-datetime\">\n\t\t\t\t\t\t\t<span class=\"gb-date\"><span class=\"gb-date-wrote-text\"> a \u00e9crit le<\/span><span class=\"gb-date-text\"> 16 mars 2017<\/span>\n\t\t\t\t\t\t\t<\/span><span class=\"gb-time\">\n\t\t\t\t\t\t\t\t\t<span class=\"gb-time-at-text\"> \u00e0<\/span>\n\t\t\t\t\t\t\t\t\t<span class=\"gb-time-text\"> 20 h 12 min<\/span>\n\t\t\t\t\t\t\t\t<\/span>\n\t\t\t\t\t\t<\/span> \n\t\t\t\t\t<\/div>\n\t\t\t\t\t<div class=\"gb-entry-content\">j&#039;ai trouv\u00e9 sur le site les photos du stage de Mars qui a une nouvelle fois \u00e9t\u00e9 l&#039;occasion d&#039;\u00e9changes riches et conviviaux dans l&#039;esprit du Karat\u00e9 JKA. de bons moments d&#039;apprentissage, quel que soit le grade, on continue \u00e0 apprendre sans cesse dans le m\u00e9lange des karat\u00e9kas de tous horizons mais unis par le m\u00eame amour du karat\u00e9 et des relations humaines.\r\nOss !\r\ndominique\n\t\t\t\t\t<\/div>\n\t\t\t\t\t<div class=\"gb-entry-admin_reply\">\n\t\t\t\t\t\t<div class=\"gb-admin-reply-uid\">\n\t\t\t\t\t\t\t<em>R\u00e9ponse d\u2019administrateur par\u00a0: karate-lanester<\/em>\n\t\t\t\t\t\t<\/div> \n\t\t\t\t\t\t<div class=\"gb-admin-reply-content\">\n\t\t\t\t\t\tMerci pour ce message. Le stage n&#039;est pas assez fr\u00e9quent\u00e9 \u00e0 mon gout! esp\u00e9rons que ce t\u00e9moignage encouragera de nouveaux venus...\n\t\t\t\t\t\t<\/div>\n\t\t\t\t\t<\/div>\n\t\t\t\t<\/article>\n\t\t\t<\/div>\n\t\t\t<div class=\"gb-entry gb-entry_5 gb-entry-count_2 gwolle-gb-even\" id=\"gb-entry_5\" data-entry_id=\"5\">\n\t\t\t\t<article>\n\t\t\t\t\t<div class=\"gb-author-info\">\n\t\t\t\t\t\t<span class=\"gb-author-avatar\"><img referrerpolicy=\"no-referrer\" alt='karate-lanester' src='https:\/\/secure.gravatar.com\/avatar\/3d13eda84299521ded16bdcb4801909523252517375213d1e114db616c239216?s=32&#038;d=mm&#038;r=g' srcset='https:\/\/secure.gravatar.com\/avatar\/3d13eda84299521ded16bdcb4801909523252517375213d1e114db616c239216?s=64&#038;d=mm&#038;r=g 2x' class='avatar avatar-32 photo' height='32' width='32' \/><\/span>\n\t\t\t\t\t\t<span class=\"gb-author-name\"><i class=\"gb-moderator\">karate-lanester<\/i>\n\t\t\t\t\t\t<\/span>\n\t\t\t\t\t\t<span class=\"gb-datetime\">\n\t\t\t\t\t\t\t<span class=\"gb-date\"><span class=\"gb-date-wrote-text\"> a \u00e9crit le<\/span><span class=\"gb-date-text\"> 15 novembre 2016<\/span>\n\t\t\t\t\t\t\t<\/span><span class=\"gb-time\">\n\t\t\t\t\t\t\t\t\t<span class=\"gb-time-at-text\"> \u00e0<\/span>\n\t\t\t\t\t\t\t\t\t<span class=\"gb-time-text\"> 17 h 45 min<\/span>\n\t\t\t\t\t\t\t\t<\/span>\n\t\t\t\t\t\t<\/span> \n\t\t\t\t\t<\/div>\n\t\t\t\t\t<div class=\"gb-entry-content\">Nous, pratiquants, sommes persuad\u00e9s que l\u2019on peut venir au Dojo \u00e0 tout \u00e2ge, ou presque. Mais le mot Karat\u00e9 fait peut-\u00eatre peur ?\nContinuons de donner \u00e0 ceux qui franchissent le pas l\u2019envie de rester et de progresser. Nous sommes rares \u00e0 proposer une vision interne et externe du Karat\u00e9, un peu comme dans les arts martiaux de Chine.\nJe rappelle \u00e9galement que rares sont les clubs de province \u00e0 proposer des horaires de matin\u00e9e. Nombre de personnes ont des disponibilit\u00e9s de journ\u00e9e, on le voit dans certaines disciplines \u00e0 la mode ou pas, pourquoi pas en KARATE ? \nPierre Yves\n\t\t\t\t\t<\/div>\n\t\t\t\t<\/article>\n\t\t\t<\/div>\n\t\t\t<div class=\"gb-entry gb-entry_4 gb-entry-count_3 gwolle-gb-uneven\" id=\"gb-entry_4\" data-entry_id=\"4\">\n\t\t\t\t<article>\n\t\t\t\t\t<div class=\"gb-author-info\">\n\t\t\t\t\t\t<span class=\"gb-author-avatar\"><img referrerpolicy=\"no-referrer\" alt='ALAIN' src='https:\/\/secure.gravatar.com\/avatar\/12b2aa70b44bf28743f67855f7734ffd1b3c1e198d048d6ba2901f1f46ab111e?s=32&#038;d=mm&#038;r=g' srcset='https:\/\/secure.gravatar.com\/avatar\/12b2aa70b44bf28743f67855f7734ffd1b3c1e198d048d6ba2901f1f46ab111e?s=64&#038;d=mm&#038;r=g 2x' class='avatar avatar-32 photo' height='32' width='32' \/><\/span>\n\t\t\t\t\t\t<span class=\"gb-author-name\">ALAIN\n\t\t\t\t\t\t<\/span>\n\t\t\t\t\t\t<span class=\"gb-author-origin\">\n\t\t\t\t\t\t\t<span class=\"gb-author-origin-from-text\"> de<\/span>\n\t\t\t\t\t\t\t<span class=\"gb-author-origin-text\"> Paimpol<\/span>\n\t\t\t\t\t\t<\/span>\n\t\t\t\t\t\t<span class=\"gb-datetime\">\n\t\t\t\t\t\t\t<span class=\"gb-date\"><span class=\"gb-date-wrote-text\"> a \u00e9crit le<\/span><span class=\"gb-date-text\"> 15 novembre 2016<\/span>\n\t\t\t\t\t\t\t<\/span><span class=\"gb-time\">\n\t\t\t\t\t\t\t\t\t<span class=\"gb-time-at-text\"> \u00e0<\/span>\n\t\t\t\t\t\t\t\t\t<span class=\"gb-time-text\"> 10 h 21 min<\/span>\n\t\t\t\t\t\t\t\t<\/span>\n\t\t\t\t\t\t<\/span> \n\t\t\t\t\t<\/div>\n\t\t\t\t\t<div class=\"gb-entry-content\">Le karat\u00e9 c&#039;est aussi et surtout une histoire de coeur et de partage. Connaissant Pierre Yves depuis fort longtemps, je ne suis gu\u00e8re \u00e9tonn\u00e9 de la teneur du message de ce pratiquant d\u00e9butant de 66 ans qui en dit bien plus long que tous les discours sur le karat\u00e9...\n\t\t\t\t\t<\/div>\n\t\t\t\t<\/article>\n\t\t\t<\/div>\n\t\t\t<div class=\"gb-entry gb-entry_3 gb-entry-count_4 gwolle-gb-even\" id=\"gb-entry_3\" data-entry_id=\"3\">\n\t\t\t\t<article>\n\t\t\t\t\t<div class=\"gb-author-info\">\n\t\t\t\t\t\t<span class=\"gb-author-avatar\"><img referrerpolicy=\"no-referrer\" alt='SIOHAN ROGER' src='https:\/\/secure.gravatar.com\/avatar\/afb178b6f7a632ea681589fad1276a7164db24385b2bb7c719b51b1daff307a5?s=32&#038;d=mm&#038;r=g' srcset='https:\/\/secure.gravatar.com\/avatar\/afb178b6f7a632ea681589fad1276a7164db24385b2bb7c719b51b1daff307a5?s=64&#038;d=mm&#038;r=g 2x' class='avatar avatar-32 photo' height='32' width='32' \/><\/span>\n\t\t\t\t\t\t<span class=\"gb-author-name\">SIOHAN ROGER\n\t\t\t\t\t\t<\/span>\n\t\t\t\t\t\t<span class=\"gb-author-origin\">\n\t\t\t\t\t\t\t<span class=\"gb-author-origin-from-text\"> de<\/span>\n\t\t\t\t\t\t\t<span class=\"gb-author-origin-text\"> LORIENT<\/span>\n\t\t\t\t\t\t<\/span>\n\t\t\t\t\t\t<span class=\"gb-datetime\">\n\t\t\t\t\t\t\t<span class=\"gb-date\"><span class=\"gb-date-wrote-text\"> a \u00e9crit le<\/span><span class=\"gb-date-text\"> 14 novembre 2016<\/span>\n\t\t\t\t\t\t\t<\/span><span class=\"gb-time\">\n\t\t\t\t\t\t\t\t\t<span class=\"gb-time-at-text\"> \u00e0<\/span>\n\t\t\t\t\t\t\t\t\t<span class=\"gb-time-text\"> 14 h 07 min<\/span>\n\t\t\t\t\t\t\t\t<\/span>\n\t\t\t\t\t\t<\/span> \n\t\t\t\t\t<\/div>\n\t\t\t\t\t<div class=\"gb-entry-content\">Ce club est compos\u00e9 d&#039;une bien belle \u00e9quipe, j&#039;ai eu gout \u00e0 reprendre le karat\u00e9 \u00e0 66 ans, gr\u00e2ce \u00e0 celle-ci! On m\u00e9lange tout, pas grave, il y a toujours une brave \u00e2me pour vous remettre sur la bonne voie, elle donne envie, c&#039;est ce qu&#039;il faut pour prendre son sac, je vous engage \u00e0 venir essayer, karat\u00e9ka ou pas, nous avons des Mamans, d\u00e9butantes le mardi matin, \u00e0 bient\u00f4t...\n\t\t\t\t\t<\/div>\n\t\t\t\t<\/article>\n\t\t\t<\/div>\n\t\t\t<\/div><\/div>\n","protected":false},"excerpt":{"rendered":"","protected":false},"author":1,"featured_media":0,"parent":0,"menu_order":0,"comment_status":"closed","ping_status":"closed","template":"","meta":{"footnotes":""},"class_list":["post-159","page","type-page","status-publish","hentry"],"_links":{"self":[{"href":"https:\/\/karate-lanester.org\/index.php\/wp-json\/wp\/v2\/pages\/159","targetHints":{"allow":["GET"]}}],"collection":[{"href":"https:\/\/karate-lanester.org\/index.php\/wp-json\/wp\/v2\/pages"}],"about":[{"href":"https:\/\/karate-lanester.org\/index.php\/wp-json\/wp\/v2\/types\/page"}],"author":[{"embeddable":true,"href":"https:\/\/karate-lanester.org\/index.php\/wp-json\/wp\/v2\/users\/1"}],"replies":[{"embeddable":true,"href":"https:\/\/karate-lanester.org\/index.php\/wp-json\/wp\/v2\/comments?post=159"}],"version-history":[{"count":1,"href":"https:\/\/karate-lanester.org\/index.php\/wp-json\/wp\/v2\/pages\/159\/revisions"}],"predecessor-version":[{"id":161,"href":"https:\/\/karate-lanester.org\/index.php\/wp-json\/wp\/v2\/pages\/159\/revisions\/161"}],"wp:attachment":[{"href":"https:\/\/karate-lanester.org\/index.php\/wp-json\/wp\/v2\/media?parent=159"}],"curies":[{"name":"wp","href":"https:\/\/api.w.org\/{rel}","templated":true}]}}