{"id":199,"date":"2016-09-10T17:29:25","date_gmt":"2016-09-10T16:29:25","guid":{"rendered":"http:\/\/karate-lanester.org\/?page_id=199"},"modified":"2020-09-09T13:06:12","modified_gmt":"2020-09-09T12:06:12","slug":"professeurs","status":"publish","type":"page","link":"https:\/\/karate-lanester.org\/index.php\/professeurs\/","title":{"rendered":"Professeurs et Formations de professeurs"},"content":{"rendered":"<p style=\"text-align: center;\">Tous les professeurs donnant des cours de Karat\u00e9 doivent avoir suivi un parcours de formation.<\/p>\n<p>Les dipl\u00f4mes obtenus font partie de 2 cat\u00e9gories :<br \/>* les dipl\u00f4mes d\u2019\u00c9tat, pass\u00e9s sous l&rsquo;\u00e9gide conjointe de l\u2019\u00c9tat et de la F\u00e9d\u00e9ration Fran\u00e7aise de Karat\u00e9;<br \/>* les dipl\u00f4mes F\u00e9d\u00e9raux, pass\u00e9s sous l&rsquo;\u00e9gide exclusive de la F\u00e9d\u00e9ration Fran\u00e7aise de Karat\u00e9.<\/p>\n<table style=\"height: 186px;\" width=\"589\">\n<tbody>\n<tr>\n<td colspan=\"4\" width=\"604\">\n<p style=\"text-align: center;\"><strong>Formations dispens\u00e9es par\u00a0:<\/strong><\/p>\n<\/td>\n<\/tr>\n<tr>\n<td width=\"151\"><a href=\"http:\/\/www.ffkarate.fr\/formations\/\">FEDERATION KARAT\u00c9<\/a><\/td>\n<td width=\"151\"><a href=\"http:\/\/sites.ffkarate.fr\/liguebretagne\/equipe-technique-regionale\/formations\/\">LIGUE de BRETAGNE<\/a><\/td>\n<td width=\"151\"><a href=\"http:\/\/sites.ffkarate.fr\/liguebretagne\/comites-departemantaux\/\">D\u00c9PARTEMENTS BRETONS<\/a><\/td>\n<td width=\"151\"><a href=\"http:\/\/www.sports.gouv.fr\/emplois-metiers\/decouvrir-nos-offres-de-formations\/\">\u00c9TAT<\/a><\/td>\n<\/tr>\n<tr>\n<td width=\"151\">\u00a0<\/td>\n<td width=\"151\">\u00a0<\/td>\n<td width=\"151\">\u00a0<\/td>\n<td width=\"151\">\u00a0<\/td>\n<\/tr>\n<\/tbody>\n<\/table>\n\n\n<p><\/p>\n","protected":false},"excerpt":{"rendered":"<p>Tous les professeurs donnant des cours de Karat\u00e9 doivent avoir suivi un parcours de formation. Les dipl\u00f4mes obtenus font partie de 2 cat\u00e9gories :* les dipl\u00f4mes d\u2019\u00c9tat, pass\u00e9s sous l&rsquo;\u00e9gide conjointe de l\u2019\u00c9tat et de la F\u00e9d\u00e9ration Fran\u00e7aise de Karat\u00e9;* &hellip; <a href=\"https:\/\/karate-lanester.org\/index.php\/professeurs\/\">Continuer la lecture <span class=\"meta-nav\">&rarr;<\/span><\/a><\/p>\n","protected":false},"author":1,"featured_media":0,"parent":0,"menu_order":0,"comment_status":"closed","ping_status":"closed","template":"","meta":{"footnotes":""},"class_list":["post-199","page","type-page","status-publish","hentry"],"_links":{"self":[{"href":"https:\/\/karate-lanester.org\/index.php\/wp-json\/wp\/v2\/pages\/199","targetHints":{"allow":["GET"]}}],"collection":[{"href":"https:\/\/karate-lanester.org\/index.php\/wp-json\/wp\/v2\/pages"}],"about":[{"href":"https:\/\/karate-lanester.org\/index.php\/wp-json\/wp\/v2\/types\/page"}],"author":[{"embeddable":true,"href":"https:\/\/karate-lanester.org\/index.php\/wp-json\/wp\/v2\/users\/1"}],"replies":[{"embeddable":true,"href":"https:\/\/karate-lanester.org\/index.php\/wp-json\/wp\/v2\/comments?post=199"}],"version-history":[{"count":21,"href":"https:\/\/karate-lanester.org\/index.php\/wp-json\/wp\/v2\/pages\/199\/revisions"}],"predecessor-version":[{"id":1835,"href":"https:\/\/karate-lanester.org\/index.php\/wp-json\/wp\/v2\/pages\/199\/revisions\/1835"}],"wp:attachment":[{"href":"https:\/\/karate-lanester.org\/index.php\/wp-json\/wp\/v2\/media?parent=199"}],"curies":[{"name":"wp","href":"https:\/\/api.w.org\/{rel}","templated":true}]}}