{"id":2002,"date":"2021-09-08T13:16:27","date_gmt":"2021-09-08T12:16:27","guid":{"rendered":"http:\/\/karate-lanester.org\/?page_id=2002"},"modified":"2025-09-26T13:45:59","modified_gmt":"2025-09-26T12:45:59","slug":"c-r-de-reunions-club","status":"publish","type":"page","link":"https:\/\/karate-lanester.org\/index.php\/c-r-de-reunions-club\/","title":{"rendered":"C R de R\u00c9UNIONS CLUB"},"content":{"rendered":"\n<p>2024 \/ 2025<\/p>\n\n\n\n<p>compte rendu de r\u00e9union du 24 septembre 2025<\/p>\n\n\n\n<div data-wp-interactive=\"core\/file\" class=\"wp-block-file\"><object data-wp-bind--hidden=\"!state.hasPdfPreview\" hidden class=\"wp-block-file__embed\" data=\"https:\/\/karate-lanester.org\/wp-content\/uploads\/2025\/09\/2025-09-24-COMPTE-RENDU-DE-LA-REUNION-DU-24-SEPTEMBRE-2025.pdf\" type=\"application\/pdf\" style=\"width:100%;height:600px\" aria-label=\"Contenu embarqu\u00e9 2025 09 24 COMPTE RENDU DE LA REUNION DU 24 SEPTEMBRE 2025.\"><\/object><a id=\"wp-block-file--media-72e2cf13-2c71-4679-afec-a9397222bda2\" href=\"https:\/\/karate-lanester.org\/wp-content\/uploads\/2025\/09\/2025-09-24-COMPTE-RENDU-DE-LA-REUNION-DU-24-SEPTEMBRE-2025.pdf\">2025 09 24 COMPTE RENDU DE LA REUNION DU 24 SEPTEMBRE 2025<\/a><a href=\"https:\/\/karate-lanester.org\/wp-content\/uploads\/2025\/09\/2025-09-24-COMPTE-RENDU-DE-LA-REUNION-DU-24-SEPTEMBRE-2025.pdf\" class=\"wp-block-file__button wp-element-button\" download aria-describedby=\"wp-block-file--media-72e2cf13-2c71-4679-afec-a9397222bda2\">T\u00e9l\u00e9charger<\/a><\/div>\n\n\n\n<div data-wp-interactive=\"core\/file\" class=\"wp-block-file\"><object data-wp-bind--hidden=\"!state.hasPdfPreview\" hidden class=\"wp-block-file__embed\" data=\"https:\/\/karate-lanester.org\/wp-content\/uploads\/2025\/09\/statistiques-saison-2024-2025-au-31-08-2025.pdf\" type=\"application\/pdf\" style=\"width:100%;height:600px\" aria-label=\"Contenu embarqu\u00e9 statistiques saison 2024 2025 au 31 08 2025.\"><\/object><a id=\"wp-block-file--media-2a93f458-f4b5-431d-9a24-b8b18e1fc33f\" href=\"https:\/\/karate-lanester.org\/wp-content\/uploads\/2025\/09\/statistiques-saison-2024-2025-au-31-08-2025.pdf\">statistiques saison 2024 2025 au 31 08 2025<\/a><a href=\"https:\/\/karate-lanester.org\/wp-content\/uploads\/2025\/09\/statistiques-saison-2024-2025-au-31-08-2025.pdf\" class=\"wp-block-file__button wp-element-button\" download aria-describedby=\"wp-block-file--media-2a93f458-f4b5-431d-9a24-b8b18e1fc33f\">T\u00e9l\u00e9charger<\/a><\/div>\n\n\n\n<p>CHIFFRES CLES &#8211; document cr\u00e9\u00e9 pour etre remis aux participants \u00e0 la galette des rois de janvier 2025.<\/p>\n\n\n\n<div data-wp-interactive=\"core\/file\" class=\"wp-block-file\"><object data-wp-bind--hidden=\"!state.hasPdfPreview\" hidden class=\"wp-block-file__embed\" data=\"https:\/\/karate-lanester.org\/wp-content\/uploads\/2025\/01\/CHIFFRES-CLES-2023-2024.pdf\" type=\"application\/pdf\" style=\"width:100%;height:600px\" aria-label=\"Contenu embarqu\u00e9 CHIFFRES-CLES-2023-2024.\"><\/object><a id=\"wp-block-file--media-ab716325-521a-42f6-a25f-6040c10cf955\" href=\"https:\/\/karate-lanester.org\/wp-content\/uploads\/2025\/01\/CHIFFRES-CLES-2023-2024.pdf\">CHIFFRES-CLES-2023-2024<\/a><a href=\"https:\/\/karate-lanester.org\/wp-content\/uploads\/2025\/01\/CHIFFRES-CLES-2023-2024.pdf\" class=\"wp-block-file__button wp-element-button\" download aria-describedby=\"wp-block-file--media-ab716325-521a-42f6-a25f-6040c10cf955\">T\u00e9l\u00e9charger<\/a><\/div>\n\n\n\n<div data-wp-interactive=\"core\/file\" class=\"wp-block-file\"><object data-wp-bind--hidden=\"!state.hasPdfPreview\" hidden class=\"wp-block-file__embed\" data=\"https:\/\/karate-lanester.org\/wp-content\/uploads\/2025\/01\/2024-07-01-BILAN-DE-LA-SAISON-2023-2024.pdf\" type=\"application\/pdf\" style=\"width:100%;height:600px\" aria-label=\"Contenu embarqu\u00e9 2024-07-01-BILAN-DE-LA-SAISON-2023-2024.\"><\/object><a id=\"wp-block-file--media-2280ab93-b3db-4936-8c0b-543054c94b68\" href=\"https:\/\/karate-lanester.org\/wp-content\/uploads\/2025\/01\/2024-07-01-BILAN-DE-LA-SAISON-2023-2024.pdf\">2024-07-01-BILAN-DE-LA-SAISON-2023-2024<\/a><a href=\"https:\/\/karate-lanester.org\/wp-content\/uploads\/2025\/01\/2024-07-01-BILAN-DE-LA-SAISON-2023-2024.pdf\" class=\"wp-block-file__button wp-element-button\" download aria-describedby=\"wp-block-file--media-2280ab93-b3db-4936-8c0b-543054c94b68\">T\u00e9l\u00e9charger<\/a><\/div>\n\n\n\n<div data-wp-interactive=\"core\/file\" class=\"wp-block-file\"><object data-wp-bind--hidden=\"!state.hasPdfPreview\" hidden class=\"wp-block-file__embed\" data=\"https:\/\/karate-lanester.org\/wp-content\/uploads\/2024\/01\/2024-01-15-REUNION-BUREAU-PROFESSEURS.pdf\" type=\"application\/pdf\" style=\"width:100%;height:600px\" aria-label=\"Contenu embarqu\u00e9 2024-01-15-REUNION-BUREAU-PROFESSEURS.\"><\/object><a id=\"wp-block-file--media-34e635f4-9a5b-4211-a153-5739d23544b2\" href=\"https:\/\/karate-lanester.org\/wp-content\/uploads\/2024\/01\/2024-01-15-REUNION-BUREAU-PROFESSEURS.pdf\">2024-01-15-REUNION-BUREAU-PROFESSEURS<\/a><a href=\"https:\/\/karate-lanester.org\/wp-content\/uploads\/2024\/01\/2024-01-15-REUNION-BUREAU-PROFESSEURS.pdf\" class=\"wp-block-file__button wp-element-button\" download aria-describedby=\"wp-block-file--media-34e635f4-9a5b-4211-a153-5739d23544b2\">T\u00e9l\u00e9charger<\/a><\/div>\n\n\n\n<div data-wp-interactive=\"core\/file\" class=\"wp-block-file\"><object data-wp-bind--hidden=\"!state.hasPdfPreview\" hidden class=\"wp-block-file__embed\" data=\"https:\/\/karate-lanester.org\/wp-content\/uploads\/2022\/05\/2022-05-25-Bilan-de-la-saison-Copie-site-internet.pdf\" type=\"application\/pdf\" style=\"width:100%;height:600px\" aria-label=\"Contenu embarqu\u00e9 2022-05-25-Bilan-de-la-saison-Copie-site-internet.\"><\/object><a id=\"wp-block-file--media-257579f7-fa74-45a7-9927-87502c6254e2\" href=\"https:\/\/karate-lanester.org\/wp-content\/uploads\/2022\/05\/2022-05-25-Bilan-de-la-saison-Copie-site-internet.pdf\">2022-05-25-Bilan-de-la-saison-Copie-site-internet<\/a><a href=\"https:\/\/karate-lanester.org\/wp-content\/uploads\/2022\/05\/2022-05-25-Bilan-de-la-saison-Copie-site-internet.pdf\" class=\"wp-block-file__button wp-element-button\" download aria-describedby=\"wp-block-file--media-257579f7-fa74-45a7-9927-87502c6254e2\">T\u00e9l\u00e9charger<\/a><\/div>\n\n\n\n<div class=\"wp-block-file\"><a id=\"wp-block-file--media-265d4a07-752e-4a3d-8478-2920ff0eaf0d\" href=\"https:\/\/karate-lanester.org\/wp-content\/uploads\/2021\/11\/2021-11-16-r\u00e9union-CA-FLL.pdf\">2021-11-16-r\u00e9union-CA-FLL<\/a><a href=\"https:\/\/karate-lanester.org\/wp-content\/uploads\/2021\/11\/2021-11-16-r\u00e9union-CA-FLL.pdf\" class=\"wp-block-file__button wp-element-button\" download aria-describedby=\"wp-block-file--media-265d4a07-752e-4a3d-8478-2920ff0eaf0d\">T\u00e9l\u00e9charger<\/a><\/div>\n\n\n\n<div class=\"wp-block-file\"><a id=\"wp-block-file--media-699f388b-d90c-49d1-8158-427da62b5e78\" href=\"https:\/\/karate-lanester.org\/wp-content\/uploads\/2021\/09\/2021-08-10-r\u00e9union-de-bureau.pdf\">2021-08-10-r\u00e9union-de-bureau<\/a><a href=\"https:\/\/karate-lanester.org\/wp-content\/uploads\/2021\/09\/2021-08-10-r\u00e9union-de-bureau.pdf\" class=\"wp-block-file__button wp-element-button\" download aria-describedby=\"wp-block-file--media-699f388b-d90c-49d1-8158-427da62b5e78\">T\u00e9l\u00e9charger<\/a><\/div>\n\n\n\n<div class=\"wp-block-file\"><a id=\"wp-block-file--media-190222f9-c9b4-4f61-aafd-34db3b430ea6\" href=\"https:\/\/karate-lanester.org\/wp-content\/uploads\/2021\/09\/2021-01-r\u00e9union-de-bureau-.pdf\">2021-01-r\u00e9union-de-bureau-<\/a><a href=\"https:\/\/karate-lanester.org\/wp-content\/uploads\/2021\/09\/2021-01-r\u00e9union-de-bureau-.pdf\" class=\"wp-block-file__button wp-element-button\" download aria-describedby=\"wp-block-file--media-190222f9-c9b4-4f61-aafd-34db3b430ea6\">T\u00e9l\u00e9charger<\/a><\/div>\n\n\n\n<div class=\"wp-block-file\"><a id=\"wp-block-file--media-1dbd08c1-3c3e-4a5e-b028-b34aeaf49999\" href=\"https:\/\/karate-lanester.org\/wp-content\/uploads\/2021\/09\/2020-07-03-constitution-du-bureau.pdf\">2020-07-03-constitution-du-bureau<\/a><a href=\"https:\/\/karate-lanester.org\/wp-content\/uploads\/2021\/09\/2020-07-03-constitution-du-bureau.pdf\" class=\"wp-block-file__button wp-element-button\" download aria-describedby=\"wp-block-file--media-1dbd08c1-3c3e-4a5e-b028-b34aeaf49999\">T\u00e9l\u00e9charger<\/a><\/div>\n\n\n\n<div class=\"wp-block-file\"><a id=\"wp-block-file--media-d3caa82b-cda9-41fd-be78-86a7bb032f46\" href=\"https:\/\/karate-lanester.org\/wp-content\/uploads\/2021\/09\/2020-03-07-Bilan-de-la-saison.pdf\">2020-03-07-Bilan-de-la-saison<\/a><a href=\"https:\/\/karate-lanester.org\/wp-content\/uploads\/2021\/09\/2020-03-07-Bilan-de-la-saison.pdf\" class=\"wp-block-file__button wp-element-button\" download aria-describedby=\"wp-block-file--media-d3caa82b-cda9-41fd-be78-86a7bb032f46\">T\u00e9l\u00e9charger<\/a><\/div>\n\n\n\n<div class=\"wp-block-file\"><a id=\"wp-block-file--media-da0c1260-12e7-497c-9154-f148aa1c443a\" href=\"https:\/\/karate-lanester.org\/wp-content\/uploads\/2021\/09\/BUREAU-6-12-2016-relev\u00e9-de-d\u00e9cisions.pdf\">BUREAU-6-12-2016-relev\u00e9-de-d\u00e9cisions<\/a><a href=\"https:\/\/karate-lanester.org\/wp-content\/uploads\/2021\/09\/BUREAU-6-12-2016-relev\u00e9-de-d\u00e9cisions.pdf\" class=\"wp-block-file__button wp-element-button\" download aria-describedby=\"wp-block-file--media-da0c1260-12e7-497c-9154-f148aa1c443a\">T\u00e9l\u00e9charger<\/a><\/div>\n\n\n\n<div class=\"wp-block-file\"><a id=\"wp-block-file--media-240f49be-a288-4596-a5de-4923360f3fb7\" href=\"https:\/\/karate-lanester.org\/wp-content\/uploads\/2021\/09\/BUREAU-6-12-2016.pdf\">BUREAU-6-12-2016<\/a><a href=\"https:\/\/karate-lanester.org\/wp-content\/uploads\/2021\/09\/BUREAU-6-12-2016.pdf\" class=\"wp-block-file__button wp-element-button\" download aria-describedby=\"wp-block-file--media-240f49be-a288-4596-a5de-4923360f3fb7\">T\u00e9l\u00e9charger<\/a><\/div>\n\n\n\n<div class=\"wp-block-file\"><a id=\"wp-block-file--media-05bfdc05-3820-4c3a-a6f3-e6c1af1d7c0a\" href=\"https:\/\/karate-lanester.org\/wp-content\/uploads\/2021\/09\/cr-r\u00e9union-20-aout-2016.pdf\">cr-r\u00e9union-20-aout-2016<\/a><a href=\"https:\/\/karate-lanester.org\/wp-content\/uploads\/2021\/09\/cr-r\u00e9union-20-aout-2016.pdf\" class=\"wp-block-file__button wp-element-button\" download aria-describedby=\"wp-block-file--media-05bfdc05-3820-4c3a-a6f3-e6c1af1d7c0a\">T\u00e9l\u00e9charger<\/a><\/div>\n\n\n\n<div class=\"wp-block-file\"><a id=\"wp-block-file--media-145e52ea-c264-47ca-a890-90743884d90b\" href=\"https:\/\/karate-lanester.org\/wp-content\/uploads\/2021\/09\/cr-r\u00e9union-AG-20-aout-2016.pdf\">cr-r\u00e9union-AG-20-aout-2016<\/a><a href=\"https:\/\/karate-lanester.org\/wp-content\/uploads\/2021\/09\/cr-r\u00e9union-AG-20-aout-2016.pdf\" class=\"wp-block-file__button wp-element-button\" download aria-describedby=\"wp-block-file--media-145e52ea-c264-47ca-a890-90743884d90b\">T\u00e9l\u00e9charger<\/a><\/div>\n\n\n\n<div class=\"wp-block-file\"><a id=\"wp-block-file--media-17d6b7f6-049c-4f77-9959-512ba5494d1c\" href=\"https:\/\/karate-lanester.org\/wp-content\/uploads\/2021\/09\/cr-r\u00e9union-AG-20-aout-2016-1.pdf\">cr-r\u00e9union-AG-20-aout-2016-1<\/a><a href=\"https:\/\/karate-lanester.org\/wp-content\/uploads\/2021\/09\/cr-r\u00e9union-AG-20-aout-2016-1.pdf\" class=\"wp-block-file__button wp-element-button\" download aria-describedby=\"wp-block-file--media-17d6b7f6-049c-4f77-9959-512ba5494d1c\">T\u00e9l\u00e9charger<\/a><\/div>\n\n\n\n<p><\/p>\n","protected":false},"excerpt":{"rendered":"<p>2024 \/ 2025 compte rendu de r\u00e9union du 24 septembre 2025 CHIFFRES CLES &#8211; document cr\u00e9\u00e9 pour etre remis aux participants \u00e0 la galette des rois de janvier 2025.<\/p>\n","protected":false},"author":1,"featured_media":0,"parent":0,"menu_order":0,"comment_status":"closed","ping_status":"closed","template":"","meta":{"footnotes":""},"class_list":["post-2002","page","type-page","status-publish","hentry"],"_links":{"self":[{"href":"https:\/\/karate-lanester.org\/index.php\/wp-json\/wp\/v2\/pages\/2002","targetHints":{"allow":["GET"]}}],"collection":[{"href":"https:\/\/karate-lanester.org\/index.php\/wp-json\/wp\/v2\/pages"}],"about":[{"href":"https:\/\/karate-lanester.org\/index.php\/wp-json\/wp\/v2\/types\/page"}],"author":[{"embeddable":true,"href":"https:\/\/karate-lanester.org\/index.php\/wp-json\/wp\/v2\/users\/1"}],"replies":[{"embeddable":true,"href":"https:\/\/karate-lanester.org\/index.php\/wp-json\/wp\/v2\/comments?post=2002"}],"version-history":[{"count":14,"href":"https:\/\/karate-lanester.org\/index.php\/wp-json\/wp\/v2\/pages\/2002\/revisions"}],"predecessor-version":[{"id":3401,"href":"https:\/\/karate-lanester.org\/index.php\/wp-json\/wp\/v2\/pages\/2002\/revisions\/3401"}],"wp:attachment":[{"href":"https:\/\/karate-lanester.org\/index.php\/wp-json\/wp\/v2\/media?parent=2002"}],"curies":[{"name":"wp","href":"https:\/\/api.w.org\/{rel}","templated":true}]}}