{"id":2339,"date":"2022-08-20T13:27:53","date_gmt":"2022-08-20T12:27:53","guid":{"rendered":"http:\/\/karate-lanester.org\/?page_id=2339"},"modified":"2023-08-18T17:52:59","modified_gmt":"2023-08-18T16:52:59","slug":"certificat-medical","status":"publish","type":"page","link":"https:\/\/karate-lanester.org\/index.php\/certificat-medical\/","title":{"rendered":"Certificat m\u00e9dical"},"content":{"rendered":"\n<h3 class=\"wp-block-heading\">La F\u00e9d\u00e9ration Fran\u00e7aise de Karat\u00e9 et Disciplines Associ\u00e9es a mis \u00e0 jour sa politique f\u00e9d\u00e9rale pour les saisons \u00e0 venir en mati\u00e8re de certificat m\u00e9dical pour la prise de licence. La r\u00e9glementation en vigueur sur les certificats m\u00e9dicaux a connu des modifications importantes ces derni\u00e8res ann\u00e9es, avec pour finalit\u00e9 principale la facilitation de la prise de licence et des renouvellements, pour les pratiquants majeurs comme mineurs.<\/h3>\n\n\n\n<p>La r\u00e9glementation autour du certificat m\u00e9dical pour la saison 2022-2023 conna\u00eet quelques \u00e9volutions par rapport \u00e0 la saison pass\u00e9e. Retrouvez l\u2019ensemble des \u00e9l\u00e9ments relatifs au nouveau r\u00e8glement li\u00e9 au certificat m\u00e9dical dans la circulaire du 12 septembre 2022.<\/p>\n\n\n\n<p><strong>POUR LES PRATIQUANTS MAJEURS<\/strong><br>En application de l\u2019article L. 231-2 du code du sport, la commission m\u00e9dicale de la FFK a d\u00e9cid\u00e9, dans son avis du 2 septembre 2022, de ne pas exiger la pr\u00e9sentation d\u2019un certificat m\u00e9dical pour la d\u00e9livrance d\u2019une licence.<br><strong>D\u00e9sormais, toute personne majeure peut prendre une licence librement sans contrainte li\u00e9e au certificat m\u00e9dical.<\/strong><br>Le certificat m\u00e9dical n\u2019est plus un sujet pour tout licenci\u00e9 majeur, qu\u2019il soit pratiquant en loisirs, en comp\u00e9tition, ou encore dirigeant, sauf exception d\u00e9taill\u00e9e au point III.<\/p>\n\n\n\n<p><strong>POUR LES PRATIQUANTS MINEURS<\/strong><br>La r\u00e8glementation pour les pratiquants mineurs reste constante par rapport \u00e0 celle mise en place lors de la saison pr\u00e9c\u00e9dente (cf : circulaire du 27 juillet 2021).<br><strong>La pr\u00e9sentation d\u2019un certificat m\u00e9dical n\u2019est donc pas obligatoire pour la d\u00e9livrance d\u2019une licence \u00e0 un mineur.<\/strong><br>Il n\u2019y a donc toujours aucune corr\u00e9lation entre la licence FFK d\u2019un mineur et le certificat<br>m\u00e9dica<\/p>\n\n\n\n<p><a href=\"https:\/\/www.ffkarate.fr\/wp-content\/uploads\/2022\/09\/CIRCULAIRE-008-Certificat-medical-2022-2023-V2.pdf\"><strong>> Circulaire du 12 septembre 2022<\/strong><\/a><\/p>\n\n\n\n<p><strong><a href=\"https:\/\/www.ffkarate.fr\/wp-content\/uploads\/2021\/09\/CIRCULAIRE-007-Certificat-medical-et-questionnaire-de-sante_2021_2022.pdf\" target=\"_blank\" rel=\"noreferrer noopener\">&gt; Circulaire du 27 juillet 2021<\/a><\/strong><\/p>\n\n\n\n<p>Pour tout compl\u00e9ment d\u2019information \u00e0 ce sujet, le service juridique de la FFK, se tient \u00e0 votre<br>disposition t\u00e9l 01 41 17 44 41  juridique@ffkarate.fr<\/p>\n\n\n\n<h3 class=\"wp-block-heading\">Annexe N\u00b01 <a href=\"https:\/\/www.ffkarate.fr\/wp-content\/uploads\/2021\/09\/Annexe-N%C2%B01-QUESTIONNAIRE-A-DESTINATION-DES-LICENCIES-MINEURS_vf.pdf\">QUESTIONNAIRE A DESTINATION DES LICENCIES MINEURS<\/a> <br>Mer. 01 Septembre 2021<\/h3>\n\n\n\n<p><a rel=\"noreferrer noopener\" href=\"https:\/\/www.ffkarate.fr\/wp-content\/uploads\/2021\/09\/Annexe-N\u00b01-QUESTIONNAIRE-A-DESTINATION-DES-LICENCIES-MINEURS_vf.pdf\" target=\"_blank\"><\/a>Annexe N\u00b02 <a href=\"https:\/\/www.ffkarate.fr\/wp-content\/uploads\/2021\/09\/Annexe-N%C2%B02-ATTESTATION-SUR-LHONNEUR-SPORTIF-MINEUR_vf.pdf\">ATTESTATION SUR L&rsquo;HONNEUR (SPORTIF MINEUR)<\/a><br>Mer. 01 Septembre 2021<\/p>\n\n\n\n<p><a rel=\"noreferrer noopener\" href=\"https:\/\/www.ffkarate.fr\/wp-content\/uploads\/2021\/09\/Annexe-N\u00b02-ATTESTATION-SUR-LHONNEUR-SPORTIF-MINEUR_vf.pdf\" target=\"_blank\"><\/a><\/p>\n\n\n\n<p><\/p>\n\n\n\n<p><\/p>\n","protected":false},"excerpt":{"rendered":"<p>La F\u00e9d\u00e9ration Fran\u00e7aise de Karat\u00e9 et Disciplines Associ\u00e9es a mis \u00e0 jour sa politique f\u00e9d\u00e9rale pour les saisons \u00e0 venir en mati\u00e8re de certificat m\u00e9dical pour la prise de licence. La r\u00e9glementation en vigueur sur les certificats m\u00e9dicaux a connu &hellip; <a href=\"https:\/\/karate-lanester.org\/index.php\/certificat-medical\/\">Continuer la lecture <span class=\"meta-nav\">&rarr;<\/span><\/a><\/p>\n","protected":false},"author":1,"featured_media":0,"parent":0,"menu_order":0,"comment_status":"closed","ping_status":"closed","template":"","meta":{"footnotes":""},"class_list":["post-2339","page","type-page","status-publish","hentry"],"_links":{"self":[{"href":"https:\/\/karate-lanester.org\/index.php\/wp-json\/wp\/v2\/pages\/2339","targetHints":{"allow":["GET"]}}],"collection":[{"href":"https:\/\/karate-lanester.org\/index.php\/wp-json\/wp\/v2\/pages"}],"about":[{"href":"https:\/\/karate-lanester.org\/index.php\/wp-json\/wp\/v2\/types\/page"}],"author":[{"embeddable":true,"href":"https:\/\/karate-lanester.org\/index.php\/wp-json\/wp\/v2\/users\/1"}],"replies":[{"embeddable":true,"href":"https:\/\/karate-lanester.org\/index.php\/wp-json\/wp\/v2\/comments?post=2339"}],"version-history":[{"count":14,"href":"https:\/\/karate-lanester.org\/index.php\/wp-json\/wp\/v2\/pages\/2339\/revisions"}],"predecessor-version":[{"id":2669,"href":"https:\/\/karate-lanester.org\/index.php\/wp-json\/wp\/v2\/pages\/2339\/revisions\/2669"}],"wp:attachment":[{"href":"https:\/\/karate-lanester.org\/index.php\/wp-json\/wp\/v2\/media?parent=2339"}],"curies":[{"name":"wp","href":"https:\/\/api.w.org\/{rel}","templated":true}]}}