{"id":2347,"date":"2022-08-20T13:41:16","date_gmt":"2022-08-20T12:41:16","guid":{"rendered":"http:\/\/karate-lanester.org\/?page_id=2347"},"modified":"2023-07-06T16:22:48","modified_gmt":"2023-07-06T15:22:48","slug":"e-licence-karate","status":"publish","type":"page","link":"https:\/\/karate-lanester.org\/index.php\/e-licence-karate\/","title":{"rendered":"e-licence Karat\u00e9"},"content":{"rendered":"\n<p><strong>Votre vie de licenci\u00e9, partout avec vous, dans votre poche !<\/strong><\/p>\n\n\n\n<h2 class=\"wp-block-heading\"><strong>L\u2019application FFKarate e-licence \u00e9volue<\/strong>, pour correspondre encore plus \u00e0 vos besoins. <strong>Vos dipl\u00f4mes, vos grades, votre historique de licences<\/strong> ou encore <strong>vos fonctions<\/strong> dans votre club ou votre organe d\u00e9concentr\u00e9, b\u00e9n\u00e9ficiez d\u00e9sormais de toutes vos informations directement sur votre t\u00e9l\u00e9phone. <\/h2>\n\n\n\n<figure class=\"wp-block-image size-large is-resized\"><img loading=\"lazy\" decoding=\"async\" src=\"https:\/\/karate-lanester.org\/wp-content\/uploads\/2023\/07\/e-licence-karate-1024x1024.png\" alt=\"\" class=\"wp-image-2578\" width=\"97\" height=\"97\" srcset=\"https:\/\/karate-lanester.org\/wp-content\/uploads\/2023\/07\/e-licence-karate-1024x1024.png 1024w, https:\/\/karate-lanester.org\/wp-content\/uploads\/2023\/07\/e-licence-karate-300x300.png 300w, https:\/\/karate-lanester.org\/wp-content\/uploads\/2023\/07\/e-licence-karate-150x150.png 150w, https:\/\/karate-lanester.org\/wp-content\/uploads\/2023\/07\/e-licence-karate-768x768.png 768w, https:\/\/karate-lanester.org\/wp-content\/uploads\/2023\/07\/e-licence-karate-1536x1536.png 1536w, https:\/\/karate-lanester.org\/wp-content\/uploads\/2023\/07\/e-licence-karate-2048x2048.png 2048w\" sizes=\"auto, (max-width: 97px) 100vw, 97px\" \/><\/figure>\n\n\n\n<p><strong>Retrouvez \u00e9galement toujours votre licence d\u00e9mat\u00e9rialis\u00e9e de la saison en cours et accessible en un claquement de doigt sur votre smartphone.<\/strong><\/p>\n\n\n\n<p>Cette application est disponible en t\u00e9l\u00e9chargement sur l\u2019App Store et Google Play.<\/p>\n","protected":false},"excerpt":{"rendered":"<p>Votre vie de licenci\u00e9, partout avec vous, dans votre poche ! L\u2019application FFKarate e-licence \u00e9volue, pour correspondre encore plus \u00e0 vos besoins. Vos dipl\u00f4mes, vos grades, votre historique de licences ou encore vos fonctions dans votre club ou votre organe &hellip; <a href=\"https:\/\/karate-lanester.org\/index.php\/e-licence-karate\/\">Continuer la lecture <span class=\"meta-nav\">&rarr;<\/span><\/a><\/p>\n","protected":false},"author":1,"featured_media":0,"parent":0,"menu_order":0,"comment_status":"closed","ping_status":"closed","template":"","meta":{"footnotes":""},"class_list":["post-2347","page","type-page","status-publish","hentry"],"_links":{"self":[{"href":"https:\/\/karate-lanester.org\/index.php\/wp-json\/wp\/v2\/pages\/2347","targetHints":{"allow":["GET"]}}],"collection":[{"href":"https:\/\/karate-lanester.org\/index.php\/wp-json\/wp\/v2\/pages"}],"about":[{"href":"https:\/\/karate-lanester.org\/index.php\/wp-json\/wp\/v2\/types\/page"}],"author":[{"embeddable":true,"href":"https:\/\/karate-lanester.org\/index.php\/wp-json\/wp\/v2\/users\/1"}],"replies":[{"embeddable":true,"href":"https:\/\/karate-lanester.org\/index.php\/wp-json\/wp\/v2\/comments?post=2347"}],"version-history":[{"count":2,"href":"https:\/\/karate-lanester.org\/index.php\/wp-json\/wp\/v2\/pages\/2347\/revisions"}],"predecessor-version":[{"id":2580,"href":"https:\/\/karate-lanester.org\/index.php\/wp-json\/wp\/v2\/pages\/2347\/revisions\/2580"}],"wp:attachment":[{"href":"https:\/\/karate-lanester.org\/index.php\/wp-json\/wp\/v2\/media?parent=2347"}],"curies":[{"name":"wp","href":"https:\/\/api.w.org\/{rel}","templated":true}]}}