{"id":24,"date":"2016-08-18T16:04:37","date_gmt":"2016-08-18T15:04:37","guid":{"rendered":"http:\/\/karate-lanester.org\/?page_id=24"},"modified":"2024-07-04T21:46:02","modified_gmt":"2024-07-04T20:46:02","slug":"assurances","status":"publish","type":"page","link":"https:\/\/karate-lanester.org\/index.php\/assurances\/","title":{"rendered":"Assurances"},"content":{"rendered":"<header class=\"entry-header\">\n<h1 class=\"entry-title\">Assurances<\/h1>\n<\/header>\n<div class=\"entry-content\">\n<p>Les adh\u00e9rents du FLL Karat\u00e9 sont couverts par la Licence F\u00e9d\u00e9rale FFKDA et la carte Foyer La\u00efque. Ces assurances basiques peuvent \u00eatre compl\u00e9t\u00e9es par des <strong>garanties<\/strong> <strong>compl\u00e9mentaires<\/strong> qui font l\u2019objet d\u2019une <strong>souscription individuelle<\/strong> \u00e0 la seule initiative de l\u2019adh\u00e9rent. Les tarifs et options sont disponibles sur le site de la F\u00e9d\u00e9ration Fran\u00e7aise de Karat\u00e9 \u00e0 la rubrique Espace Licenci\u00e9 \/ assurances. et aupr\u00e8s du secr\u00e9tariat du FOYER LA\u00cfQUE.<\/p>\n<p><strong>GENERALI est l\u2019assureur choisi par la F\u00e9d\u00e9ration Fran\u00e7aise de Karat\u00e9 pour prot\u00e9ger ses licenci\u00e9s. <\/strong><\/p>\n<h3><strong>Garanties d\u2019assurance pour le licenci\u00e9 <\/strong><\/h3>\n<p>En prenant une licence \u00e0 la F\u00e9d\u00e9ration Fran\u00e7aise de Karat\u00e9, <strong>chaque licenci\u00e9 b\u00e9n\u00e9ficie <\/strong><strong>d\u2019une assurance en responsabilit\u00e9 civile et accidents corporels<\/strong>\u00a0dans le cadre de la pratique de sa discipline ou de l\u2019exercice de ses activit\u00e9s b\u00e9n\u00e9voles. Par ailleurs, il peut \u00e9galement souscrire \u00e0 une assurance compl\u00e9mentaire pr\u00e9voyant des garanties suppl\u00e9mentaires en cas de sinistre.<\/p>\n<h3><strong>Garanties d\u2019assurance pour l\u2019association sportive<\/strong><\/h3>\n<p>L\u2019assurance responsabilit\u00e9 civile a vocation \u00e0 <strong>couvrir la responsabilit\u00e9 civile de l\u2019association sportive mais \u00e9galement de leurs pr\u00e9pos\u00e9s salari\u00e9s ou b\u00e9n\u00e9voles<\/strong>. La f\u00e9d\u00e9ration fait b\u00e9n\u00e9ficier de plein droit \u00e0 ses associations, leurs dirigeants et leurs pr\u00e9pos\u00e9s (salari\u00e9s ou b\u00e9n\u00e9voles) d\u2019une assurance garantissant les risques en responsabilit\u00e9 civile.<\/p>\n<\/div>\n<div class=\"entry-content\">\n<h2>D\u00e9claration d\u2019accident<\/h2>\n<div class=\"text\">\n<p><strong>En cas d\u2019accident corporel survenu au cours d\u2019une activit\u00e9 couverte par le contrat d\u2019assurance f\u00e9d\u00e9rale, le licenci\u00e9 doit d\u00e9clarer un sinistre dans les 5 jours ouvr\u00e9s sur la plateforme en ligne d\u00e9di\u00e9e.<br \/><\/strong><\/p>\n<p><a class=\"bouton-ffk\" href=\"https:\/\/form.typeform.com\/to\/Tsk7tQzj\">Faire ma d\u00e9claration de sinistre<\/a><\/p>\n<p>Il vous est aussi possible de d\u00e9clarer votre accident en t\u00e9l\u00e9chargeant la<a href=\"https:\/\/www.ffkarate.fr\/wp-content\/uploads\/2024\/04\/Declaration-de-sinistre-FFK-2023.2024.pdf\" target=\"_blank\" rel=\"noopener\"> d\u00e9claration de sinistre<\/a> et en l\u2019envoyant :<\/p>\n<ul>\n<li>Par mail \u00e0 l\u2019adresse <a href=\"mailto:ffkarate@wtwco.com\">ffkarate@wtwco.com<\/a><\/li>\n<li>Par courrier \u00e0 l\u2019adresse : WTW, WTW DGPL FEDERATIONS, 2 Rue de Gourville 45911 Orl\u00e9ans Cedex 9<\/li>\n<\/ul>\n<p><strong>Si vous avez toute question concernant votre d\u00e9claration d\u2019accident, vous pouvez joindre WTW aux num\u00e9ros suivants :<\/strong><\/p>\n<ul>\n<li>09 72 72 28 91 depuis la Franc<\/li>\n<\/ul>\n<\/div>\n<p style=\"text-align: center;\"><a href=\"http:\/\/www.ffkarate.fr\/espace-licencies\/assurances\/\">LES ATTESTATIONS F\u00c9D\u00c9RALES (FFKADA)<br \/>sont disponibles en bas de page du site F\u00e9d\u00e9ral<\/a><\/p>\n<p>\u00a0<\/p>\n<\/div>\n\n\n<p><\/p>\n","protected":false},"excerpt":{"rendered":"<p>Assurances Les adh\u00e9rents du FLL Karat\u00e9 sont couverts par la Licence F\u00e9d\u00e9rale FFKDA et la carte Foyer La\u00efque. Ces assurances basiques peuvent \u00eatre compl\u00e9t\u00e9es par des garanties compl\u00e9mentaires qui font l\u2019objet d\u2019une souscription individuelle \u00e0 la seule initiative de l\u2019adh\u00e9rent. &hellip; <a href=\"https:\/\/karate-lanester.org\/index.php\/assurances\/\">Continuer la lecture <span class=\"meta-nav\">&rarr;<\/span><\/a><\/p>\n","protected":false},"author":1,"featured_media":0,"parent":0,"menu_order":0,"comment_status":"closed","ping_status":"closed","template":"","meta":{"footnotes":""},"class_list":["post-24","page","type-page","status-publish","hentry"],"_links":{"self":[{"href":"https:\/\/karate-lanester.org\/index.php\/wp-json\/wp\/v2\/pages\/24","targetHints":{"allow":["GET"]}}],"collection":[{"href":"https:\/\/karate-lanester.org\/index.php\/wp-json\/wp\/v2\/pages"}],"about":[{"href":"https:\/\/karate-lanester.org\/index.php\/wp-json\/wp\/v2\/types\/page"}],"author":[{"embeddable":true,"href":"https:\/\/karate-lanester.org\/index.php\/wp-json\/wp\/v2\/users\/1"}],"replies":[{"embeddable":true,"href":"https:\/\/karate-lanester.org\/index.php\/wp-json\/wp\/v2\/comments?post=24"}],"version-history":[{"count":24,"href":"https:\/\/karate-lanester.org\/index.php\/wp-json\/wp\/v2\/pages\/24\/revisions"}],"predecessor-version":[{"id":2909,"href":"https:\/\/karate-lanester.org\/index.php\/wp-json\/wp\/v2\/pages\/24\/revisions\/2909"}],"wp:attachment":[{"href":"https:\/\/karate-lanester.org\/index.php\/wp-json\/wp\/v2\/media?parent=24"}],"curies":[{"name":"wp","href":"https:\/\/api.w.org\/{rel}","templated":true}]}}