{"id":2586,"date":"2023-07-06T17:57:32","date_gmt":"2023-07-06T16:57:32","guid":{"rendered":"http:\/\/karate-lanester.org\/?page_id=2586"},"modified":"2023-09-07T07:09:21","modified_gmt":"2023-09-07T06:09:21","slug":"nous-trouver","status":"publish","type":"page","link":"https:\/\/karate-lanester.org\/index.php\/nous-trouver\/","title":{"rendered":"Nous Trouver"},"content":{"rendered":"\n<figure class=\"wp-block-image size-large is-resized\"><img loading=\"lazy\" decoding=\"async\" src=\"https:\/\/karate-lanester.org\/wp-content\/uploads\/2023\/07\/ADRESSE-FLL-1024x1024.png\" alt=\"\" class=\"wp-image-2587\" width=\"42\" height=\"42\" srcset=\"https:\/\/karate-lanester.org\/wp-content\/uploads\/2023\/07\/ADRESSE-FLL-1024x1024.png 1024w, https:\/\/karate-lanester.org\/wp-content\/uploads\/2023\/07\/ADRESSE-FLL-300x300.png 300w, https:\/\/karate-lanester.org\/wp-content\/uploads\/2023\/07\/ADRESSE-FLL-150x150.png 150w, https:\/\/karate-lanester.org\/wp-content\/uploads\/2023\/07\/ADRESSE-FLL-768x768.png 768w, https:\/\/karate-lanester.org\/wp-content\/uploads\/2023\/07\/ADRESSE-FLL-1536x1536.png 1536w, https:\/\/karate-lanester.org\/wp-content\/uploads\/2023\/07\/ADRESSE-FLL-2048x2048.png 2048w\" sizes=\"auto, (max-width: 42px) 100vw, 42px\" \/><\/figure>\n\n\n\n<p>Le DOJO est situ\u00e9 4 rue G\u00e9rard Philipe \u00e0 LANESTER dans les locaux du FOYER LAIQUE LANESTER.  <\/p>\n\n\n\n<figure class=\"wp-block-image size-large is-resized\"><img loading=\"lazy\" decoding=\"async\" src=\"https:\/\/karate-lanester.org\/wp-content\/uploads\/2023\/09\/Composition1-1024x724.jpg\" alt=\"\" class=\"wp-image-2710\" width=\"212\" height=\"149\" srcset=\"https:\/\/karate-lanester.org\/wp-content\/uploads\/2023\/09\/Composition1-1024x724.jpg 1024w, https:\/\/karate-lanester.org\/wp-content\/uploads\/2023\/09\/Composition1-300x212.jpg 300w, https:\/\/karate-lanester.org\/wp-content\/uploads\/2023\/09\/Composition1-768x543.jpg 768w, https:\/\/karate-lanester.org\/wp-content\/uploads\/2023\/09\/Composition1-1536x1086.jpg 1536w, https:\/\/karate-lanester.org\/wp-content\/uploads\/2023\/09\/Composition1.jpg 1754w\" sizes=\"auto, (max-width: 212px) 100vw, 212px\" \/><\/figure>\n\n\n\n<figure class=\"wp-block-image size-large\"><img loading=\"lazy\" decoding=\"async\" width=\"1024\" height=\"515\" src=\"https:\/\/karate-lanester.org\/wp-content\/uploads\/2023\/07\/UECHI-RYU-3-mars-2023-NITEN-RYU-KARATE-LANESTER-2-1024x515.jpg\" alt=\"\" class=\"wp-image-2588\" srcset=\"https:\/\/karate-lanester.org\/wp-content\/uploads\/2023\/07\/UECHI-RYU-3-mars-2023-NITEN-RYU-KARATE-LANESTER-2-1024x515.jpg 1024w, https:\/\/karate-lanester.org\/wp-content\/uploads\/2023\/07\/UECHI-RYU-3-mars-2023-NITEN-RYU-KARATE-LANESTER-2-300x151.jpg 300w, https:\/\/karate-lanester.org\/wp-content\/uploads\/2023\/07\/UECHI-RYU-3-mars-2023-NITEN-RYU-KARATE-LANESTER-2-768x386.jpg 768w, https:\/\/karate-lanester.org\/wp-content\/uploads\/2023\/07\/UECHI-RYU-3-mars-2023-NITEN-RYU-KARATE-LANESTER-2-1536x772.jpg 1536w, https:\/\/karate-lanester.org\/wp-content\/uploads\/2023\/07\/UECHI-RYU-3-mars-2023-NITEN-RYU-KARATE-LANESTER-2.jpg 1772w\" sizes=\"auto, (max-width: 1024px) 100vw, 1024px\" \/><\/figure>\n\n\n\n<p>Nous disposons de 2 Dojos dans le CELTIC. Tous nos cours y sont dispens\u00e9s.<\/p>\n","protected":false},"excerpt":{"rendered":"<p>Le DOJO est situ\u00e9 4 rue G\u00e9rard Philipe \u00e0 LANESTER dans les locaux du FOYER LAIQUE LANESTER. Nous disposons de 2 Dojos dans le CELTIC. Tous nos cours y sont dispens\u00e9s.<\/p>\n","protected":false},"author":1,"featured_media":0,"parent":0,"menu_order":0,"comment_status":"closed","ping_status":"closed","template":"","meta":{"footnotes":""},"class_list":["post-2586","page","type-page","status-publish","hentry"],"_links":{"self":[{"href":"https:\/\/karate-lanester.org\/index.php\/wp-json\/wp\/v2\/pages\/2586","targetHints":{"allow":["GET"]}}],"collection":[{"href":"https:\/\/karate-lanester.org\/index.php\/wp-json\/wp\/v2\/pages"}],"about":[{"href":"https:\/\/karate-lanester.org\/index.php\/wp-json\/wp\/v2\/types\/page"}],"author":[{"embeddable":true,"href":"https:\/\/karate-lanester.org\/index.php\/wp-json\/wp\/v2\/users\/1"}],"replies":[{"embeddable":true,"href":"https:\/\/karate-lanester.org\/index.php\/wp-json\/wp\/v2\/comments?post=2586"}],"version-history":[{"count":4,"href":"https:\/\/karate-lanester.org\/index.php\/wp-json\/wp\/v2\/pages\/2586\/revisions"}],"predecessor-version":[{"id":2714,"href":"https:\/\/karate-lanester.org\/index.php\/wp-json\/wp\/v2\/pages\/2586\/revisions\/2714"}],"wp:attachment":[{"href":"https:\/\/karate-lanester.org\/index.php\/wp-json\/wp\/v2\/media?parent=2586"}],"curies":[{"name":"wp","href":"https:\/\/api.w.org\/{rel}","templated":true}]}}