{"id":28,"date":"2016-08-18T16:06:28","date_gmt":"2016-08-18T15:06:28","guid":{"rendered":"http:\/\/karate-lanester.org\/?page_id=28"},"modified":"2025-08-07T11:24:59","modified_gmt":"2025-08-07T10:24:59","slug":"licences","status":"publish","type":"page","link":"https:\/\/karate-lanester.org\/index.php\/licences\/","title":{"rendered":"Licences, certificat m\u00e9dical, assurances"},"content":{"rendered":"\n<p><em><strong>Document \u00e0 remplir pour l\u2019inscription \u00e0 la section karat\u00e9 du FLL (pour les nouveaux adh\u00e9rents).<\/strong><\/em><a href=\"https:\/\/www.ffkarate.fr\/wp-content\/uploads\/2025\/07\/DEMANDE_LICENCE_INTERNET_2025-2026_MD.pdf\">https:\/\/www.ffkarate.fr\/wp-content\/uploads\/2025\/07\/DEMANDE_LICENCE_INTERNET_2025-2026_MD.pdf<\/a><\/p>\n\n\n\n<p><strong><em>L<\/em><\/strong>e document disponible ci dessous est constitu\u00e9 de 2 pages :<br>&#8211; la 1\u00e8re est la demande de licence proprement dite et sert au club \u00e0 saisir les informations n\u00e9cessaires pour obtenir une licence f\u00e9d\u00e9rale de karat\u00e9 valable pour la saison en cours (1er septembre au 31 aout);<br>&#8211; la 2\u00e8me est une page d&rsquo;informations que vous devez conserver.<\/p>\n\n\n\n<p>Demande de licence ci dessous<\/p>\n\n\n\n<div data-wp-interactive=\"core\/file\" class=\"wp-block-file\"><object data-wp-bind--hidden=\"!state.hasPdfPreview\" hidden class=\"wp-block-file__embed\" data=\"https:\/\/karate-lanester.org\/wp-content\/uploads\/2025\/07\/2025-07-demande-de-licence-1-1.pdf\" type=\"application\/pdf\" style=\"width:100%;height:600px\" aria-label=\"Contenu embarqu\u00e9 2025 07 demande de licence.\"><\/object><a id=\"wp-block-file--media-3d382cbe-e290-417a-b743-df285f709800\" href=\"https:\/\/karate-lanester.org\/wp-content\/uploads\/2025\/07\/2025-07-demande-de-licence-1-1.pdf\">2025 07 demande de licence<\/a><a href=\"https:\/\/karate-lanester.org\/wp-content\/uploads\/2025\/07\/2025-07-demande-de-licence-1-1.pdf\" class=\"wp-block-file__button wp-element-button\" download aria-describedby=\"wp-block-file--media-3d382cbe-e290-417a-b743-df285f709800\">T\u00e9l\u00e9charger<\/a><\/div>\n\n\n\n<p><em><strong>Po<\/strong><\/em><em><strong>ur ceux qui renouvellent leur licence.<br><\/strong><\/em>vous n&rsquo;avez pas de d\u00e9marche particuli\u00e8re, le document pr\u00e9-rempli avec les informations de la saison pass\u00e9e vous attend au Dojo.<br>Si vous n&rsquo;aviez pas de licence f\u00e9d\u00e9rale, il faudra remplir le document&nbsp; de \u00ab\u00a0demande de licence 20xx 20xx\u00a0\u00bb.<\/p>\n\n\n\n<p>LE PRIX DE LA LICENCE 2025 2026 EST PORTE A 39\u20ac<\/p>\n\n\n\n<p><a href=\"https:\/\/karate-lanester.org\/index.php\/certificat-medical\/\"><strong>Certificat m\u00e9dical<\/strong><\/a><\/p>\n\n\n\n<p><a href=\"https:\/\/karate-lanester.org\/index.php\/assurances\/\">ASSURANCES (cf. ffkarate.fr)<\/a><\/p>\n","protected":false},"excerpt":{"rendered":"<p>Document \u00e0 remplir pour l\u2019inscription \u00e0 la section karat\u00e9 du FLL (pour les nouveaux adh\u00e9rents).https:\/\/www.ffkarate.fr\/wp-content\/uploads\/2025\/07\/DEMANDE_LICENCE_INTERNET_2025-2026_MD.pdf Le document disponible ci dessous est constitu\u00e9 de 2 pages :&#8211; la 1\u00e8re est la demande de licence proprement dite et sert au club \u00e0 &hellip; <a href=\"https:\/\/karate-lanester.org\/index.php\/licences\/\">Continuer la lecture <span class=\"meta-nav\">&rarr;<\/span><\/a><\/p>\n","protected":false},"author":1,"featured_media":0,"parent":0,"menu_order":0,"comment_status":"closed","ping_status":"closed","template":"","meta":{"footnotes":""},"class_list":["post-28","page","type-page","status-publish","hentry"],"_links":{"self":[{"href":"https:\/\/karate-lanester.org\/index.php\/wp-json\/wp\/v2\/pages\/28","targetHints":{"allow":["GET"]}}],"collection":[{"href":"https:\/\/karate-lanester.org\/index.php\/wp-json\/wp\/v2\/pages"}],"about":[{"href":"https:\/\/karate-lanester.org\/index.php\/wp-json\/wp\/v2\/types\/page"}],"author":[{"embeddable":true,"href":"https:\/\/karate-lanester.org\/index.php\/wp-json\/wp\/v2\/users\/1"}],"replies":[{"embeddable":true,"href":"https:\/\/karate-lanester.org\/index.php\/wp-json\/wp\/v2\/comments?post=28"}],"version-history":[{"count":34,"href":"https:\/\/karate-lanester.org\/index.php\/wp-json\/wp\/v2\/pages\/28\/revisions"}],"predecessor-version":[{"id":3242,"href":"https:\/\/karate-lanester.org\/index.php\/wp-json\/wp\/v2\/pages\/28\/revisions\/3242"}],"wp:attachment":[{"href":"https:\/\/karate-lanester.org\/index.php\/wp-json\/wp\/v2\/media?parent=28"}],"curies":[{"name":"wp","href":"https:\/\/api.w.org\/{rel}","templated":true}]}}