{"id":30,"date":"2016-08-18T16:07:19","date_gmt":"2016-08-18T15:07:19","guid":{"rendered":"http:\/\/karate-lanester.org\/?page_id=30"},"modified":"2026-03-01T11:40:12","modified_gmt":"2026-03-01T10:40:12","slug":"photos","status":"publish","type":"page","link":"https:\/\/karate-lanester.org\/index.php\/photos\/","title":{"rendered":"Photos et Vid\u00e9os club"},"content":{"rendered":"<div class=\"entry-content\">\n<p>les photos sont rassembl\u00e9es dans des albums disponibles <a href=\"https:\/\/photos.google.com\/u\/1\/?hl=fr_CA\">sur google plus\u00a0\u00a0\u00a0<\/a><\/p>\n<p><a href=\"https:\/\/photos.app.goo.gl\/4TZeKJTaeb8fJEKQ6\">Stages D LORHO f\u00e9vrier mars 2026<\/a><\/p>\n<p><a href=\"https:\/\/photos.app.goo.gl\/zKcMdRUXjSdR5p3q7\">Grades Enfants du 31 janvier 202<\/a>6<\/p>\n<p><a href=\"https:\/\/photos.app.goo.gl\/GGeBogwJqFE3wvLM7\">Grades ados adultes du 30 janvier 2026<\/a><\/p>\n<p><a href=\"https:\/\/photos.app.goo.gl\/AeCDDGtbcycZ6byg8\">Galette des rois du 24 janvier 2026<\/a><\/p>\n<p><a href=\"https:\/\/photos.app.goo.gl\/Vvr91CaynMJbEenR8\">2025 12 20 dernier cours enfants de l&rsquo;ann\u00e9e<\/a><\/p>\n<p><a href=\"https:\/\/photos.app.goo.gl\/J7h1Ao3ZKD1vcLs68\">2025 11 23 cn 1er Dan au FLL<\/a><\/p>\n<p><a href=\"https:\/\/photos.app.goo.gl\/oTd6vnVhG7yGjh1z8\">cours du mardi 8 avril 2025 (en plein air \u00e0 Locunel)<\/a><\/p>\n<p><a href=\"https:\/\/photos.app.goo.gl\/7yW7Dxa6BudWaR5y5\">Cours du vendredi 4 avril 2025<\/a><\/p>\n<p><a href=\"https:\/\/photos.app.goo.gl\/xeC47JVNN6Nrjqbi6\">Dimanche 9 mars 2025. stage EMPI Club<\/a><\/p>\n<p><a href=\"https:\/\/photos.app.goo.gl\/wXrHnKis73BqCaqj6\">JEUDI 6 MARS 2025 Le gd Dojo est occup\u00e9 par des scolaires, on transf\u00e8re le cours SENIOR dans le petit Dojo.\u00a0<\/a><\/p>\n<p><a href=\"https:\/\/photos.app.goo.gl\/ZWPocNhjciLEJjuj9\">2025 02 28 stage UECHI RYU<\/a><\/p>\n<p><a href=\"https:\/\/photos.app.goo.gl\/rMwsg82JZpgwKi7r8\">2025 02 01 RANDORI adultes<\/a><\/p>\n<p><a href=\"https:\/\/photos.app.goo.gl\/5uUPPsnU8z6JfScL7\">2025 02 01 RANDORI cours enfants<\/a><\/p>\n<p><a href=\"https:\/\/photos.app.goo.gl\/mNXTfSy9HKystwLE6\">2025 01 Janvier au FLL &#8211; grades s\u00e9niors<\/a><\/p>\n<p><a href=\"https:\/\/photos.app.goo.gl\/q2oDsA7FaQTrXXDd7\">2024 12 08 Stage club HEIAN<\/a><\/p>\n<p><a href=\"https:\/\/photos.app.goo.gl\/P89mxZffmvfrnEv4A\">2024 11 23 cours enfants<\/a><\/p>\n<p><a href=\"https:\/\/photos.app.goo.gl\/9adtMMjXH62G2MNKA\">2024 05 26 Passage de grade de 3\u00e8me Dan &#8211; Mikael TIROIR<\/a><\/p>\n<p><a href=\"https:\/\/photos.app.goo.gl\/5Zq33QLSdeDsU9hp8\">2023 10 14 Cours enfants<\/a><\/p>\n<p><a href=\"https:\/\/photos.google.com\/u\/1\/album\/AF1QipMaQMwJDCVTXS-XIAPa43QA3ets9VLPvlWcwn2-?hl=fr_CA\">2023 01 28 grades enfants<\/a><\/p>\n<p><a href=\"https:\/\/photos.google.com\/u\/1\/album\/AF1QipNzdVw0kir9r0ong5iGR3osdjR-ArluL4Lugb6N?hl=fr_CA\">2023 01 27 grades d\u00e9butants adultes<\/a><\/p>\n<p><a href=\"https:\/\/photos.app.goo.gl\/Ujo11DHVewiZiRTw7\">2022 01 07 Paris 7\u00e8me dan<\/a><\/p>\n<p><a href=\"https:\/\/photos.app.goo.gl\/eifkEoVTceP7S5Ac7\">2022 04 05 cours Seniors<\/a><\/p>\n<p><a href=\"https:\/\/photos.app.goo.gl\/gvQLEj2XBtMj5MrB9\">2022 04 22 passage de grade des enfants<\/a><\/p>\n<p><a href=\"https:\/\/photos.app.goo.gl\/Xu35UBXWYJsjR9Tu5\">2022 03 19 cours enfants<\/a><\/p>\n<p><a href=\"https:\/\/photos.app.goo.gl\/kgy64L67Ya8GgJNv9\">2021 12 nouveau t shirt club<\/a><\/p>\n<p><a href=\"https:\/\/photos.app.goo.gl\/pQAcm2JjLTmakm9Q9\">2021 10 cours enfants <\/a><\/p>\n<p><a href=\"https:\/\/photos.app.goo.gl\/5GJ7ZoueABFK8Psy8\">2021 en mars les cours enfants se font en plein air<\/a><\/p>\n<p><a href=\"https:\/\/photos.app.goo.gl\/sA1bg6FbpCPYrnpi6\">2020 12 19 cours de reprise post confinement pour les enfants<\/a><\/p>\n<p><a href=\"https:\/\/photos.app.goo.gl\/3FSDUmUTEBemMxSw6\">2020 02 08 passage de grades enfants<\/a><\/p>\n<p><a href=\"https:\/\/photos.app.goo.gl\/Htvie77KBdYz9rgcA\">2019 12 20 passage de grade et dernier cours de la saison <\/a><\/p>\n<p><a href=\"https:\/\/photos.app.goo.gl\/Qm6NLM9c8hcq6m6m6\">2019 03 23 Rencontre avec les enfants de Quimperl\u00e9 Shotokan Oshima<\/a><\/p>\n<p>2019 stage du Mois de Mars\u00a0\u00a0\u00a0\u00a0 <a href=\"https:\/\/photos.app.goo.gl\/23VQBnig7UBQYVn78\">LANESTER<\/a>\u00a0\u00a0\u00a0\u00a0 <a href=\"https:\/\/photos.app.goo.gl\/1AS8kgMFHc22Q8CeA\">PLOEMEUR<\/a>\u00a0\u00a0\u00a0\u00a0 <a href=\"https:\/\/photos.app.goo.gl\/Q5o8mk98UE1voA4HA\">BREST<\/a><\/p>\n<p><a href=\"https:\/\/photos.app.goo.gl\/XMfezXQ8W2hESyai6\">2018 08 Dojo R\u00e9nov\u00e9 par les b\u00e9n\u00e9voles du FLL<\/a><\/p>\n<p><a href=\"https:\/\/photos.app.goo.gl\/Mqdxq56DI0yi4FYf1\">2018 03 09 stage de karat\u00e9 Lautier Moreau<\/a><\/p>\n<p><a href=\"https:\/\/photos.app.goo.gl\/ccjZjyzKlkFyLwNq2\">2017 12 15 Passage de grades club<\/a><\/p>\n<p><a href=\"https:\/\/photos.app.goo.gl\/07VgjuX2uWkFUoyA2\">2017 11 24 25 Championnats d\u00e9partementaux Morbihan kumite<\/a><\/p>\n<p><a href=\"https:\/\/photos.app.goo.gl\/lXyRFNOAhLuj8b2k1\">2017 10 22 Comp\u00e9titeurs Open des jeunes bretagne<\/a><\/p>\n<p><a href=\"https:\/\/photos.app.goo.gl\/D7BynU34TtGTiex83\">2017 11 07 Entrainement Enfants comp\u00e9titeurs<\/a><\/p>\n<p><a href=\"https:\/\/photos.google.com\/share\/AF1QipPLIpAOfqnu0ZRr3FpXuwfnoCMZ3ptZZuqQIRLW0P3JWR_kag_3tOBSCsizhAkEjw?key=YU5ySHFOV1dPLVp1WUhEZGxxOFF3S3dHVDRSM05n\">2017 10 Stage de St Martin des Champs 29<\/a><\/p>\n<p><a href=\"https:\/\/photos.app.goo.gl\/qE08ICGeCO6AIAns2\">2017 10 stage de St Martin des Champs (album complet)<\/a><\/p>\n<p><a href=\"https:\/\/photos.app.goo.gl\/8K3laD9CE7BftKMD3\">2017 09 23 barbecue CAUDAN<\/a><\/p>\n<p><a href=\"https:\/\/goo.gl\/photos\/zyrxnLtxEiYCPCFJ6\">2017 06 23 passage de grades club<\/a><\/p>\n<p><a href=\"https:\/\/goo.gl\/photos\/t9qqWZoBVkNkcyvf6\">2017 03 10 11 12 &#8211; 7\u00e8me stage JKA organis\u00e9 par le FLL<\/a><\/p>\n<p><a href=\"https:\/\/goo.gl\/photos\/Lm5xYNcTzMNZhGWW7\">2017 01 31 cours enfants pr\u00e9paration kumite<\/a><\/p>\n<p><a href=\"https:\/\/photos.google.com\/share\/AF1QipMj0tDkWFs3j2GMYvu0bqZj2BkAYolIbeiUDV8CeM4lwy4rjwgAnDbyfnlq0ArfnQ?key=RlhsZGo0SWpYelpzVkZtS05VS2JTOWEzZXByQmdB\">2017 01 28 cours enfants<\/a><br \/>\n2016 12 03 <a href=\"https:\/\/goo.gl\/photos\/Abqv6NU61vD7T8uD6\">JKA Christmas Camp La Roche sur Yon<\/a> avec \u00ab\u00a0plein de bretons\u00a0\u00bb!<br \/>\nEt des mises \u00e0 jour le 15 dec. <a href=\"https:\/\/goo.gl\/photos\/Abqv6NU61vD7T8uD6\"><img loading=\"lazy\" decoding=\"async\" class=\"alignnone size-medium wp-image-332\" src=\"https:\/\/karate-lanester.org\/wp-content\/uploads\/2016\/08\/BZH_5496-300x200.jpg\" alt=\"bzh_5496\" width=\"300\" height=\"200\" srcset=\"https:\/\/karate-lanester.org\/wp-content\/uploads\/2016\/08\/BZH_5496-300x200.jpg 300w, https:\/\/karate-lanester.org\/wp-content\/uploads\/2016\/08\/BZH_5496-768x512.jpg 768w, https:\/\/karate-lanester.org\/wp-content\/uploads\/2016\/08\/BZH_5496-1024x683.jpg 1024w\" sizes=\"auto, (max-width: 300px) 100vw, 300px\" \/><\/a><\/p>\n<p><a href=\"https:\/\/goo.gl\/photos\/9u4XuJv6LytpZ7LaA\">2016 09 17 Caudan barbecue<\/a><\/p>\n<p><a href=\"https:\/\/photos.google.com\/share\/AF1QipNBM80AD3U88wC-n9d360T0ptQxxBSKJJhiwjBlAM82ughVofjkY7VbFVuHSdNbSA?key=Y21WQ3pxaV9aWlpnczhSVHJzVm1uSERqeWRZaXRR\">2016 03 MARS 5\u00e8me stage JKA<\/a><\/p>\n<p><a href=\"https:\/\/goo.gl\/photos\/FqbAzSxDW19aS4aq6\">2015 09 RENTR\u00c9E Enfants<\/a><\/p>\n<p><a href=\"https:\/\/goo.gl\/photos\/kkkontC57YYbtVYe7\">2015 07 Michel RENDA plage<\/a><\/p>\n<p><a href=\"https:\/\/goo.gl\/photos\/gjdyvL4GfXkkjTGN7\">2015 06 ligue juges<\/a><\/p>\n<p><a href=\"https:\/\/goo.gl\/photos\/k4CmvE6E7Pu8smk96\">2015 06 ENTRAINEMENT PLAGE<\/a><\/p>\n<p><a href=\"https:\/\/goo.gl\/photos\/dyYu9MDhBh5cYTcLA\">2015 06 DAF<\/a><\/p>\n<p><a href=\"https:\/\/goo.gl\/photos\/Rs3M28gfPETtQ1Jo6\">2015 05 stage \u00e0 MONTAUBAN 81<\/a><\/p>\n<p><a href=\"https:\/\/goo.gl\/photos\/zbqKCPQUjXYUS5qJ7\">2015 03 5\u00e8me STAGE JKA LANESTER PLOEMEUR BREST<\/a><\/p>\n<p><a href=\"https:\/\/goo.gl\/photos\/gD4MKXRYFGVoKaAk6\">2014-01-18 galette des rois aquariophile et karat\u00e9<\/a><\/p>\n<p><a href=\"https:\/\/goo.gl\/photos\/nS85r9BghEEtjCFD6\">2014 06 Caudan<\/a><\/p>\n<p><a href=\"https:\/\/goo.gl\/photos\/m6NACKorgHq1c5TEA\">2014 06 02 cours<\/a><a href=\"https:\/\/photos.google.com\/album\/AF1QipMVwna-IVoviLxLKWyAZKvE0jGKGfIKeqc-vUkX\">2014 03 STAGE MARS LANESTER BREST<\/a><\/p>\n<p><a href=\"https:\/\/goo.gl\/photos\/PMReZAB5WbJRCqyg6\">2014 03 grades BZH<\/a><\/p>\n<p><a href=\"https:\/\/goo.gl\/photos\/7Ye9rVPPiRUeyRND8\">2014 01 07 janvier la reprise<\/a><\/p>\n<p><a href=\"https:\/\/goo.gl\/photos\/Di27cnEGqZWkX5U89\">2014 01 07 enfants judo<\/a><\/p>\n<p><a href=\"https:\/\/goo.gl\/photos\/rEkERtaG9gbspTk4A\">2013 12 JKA CHRISTMAS CAMP 2013 &#8211; La Roche sur Yon<\/a><\/p>\n<p><a href=\"https:\/\/goo.gl\/photos\/uFPWjZRZqgbeacnn7\">2013 12 20 FL grades<\/a><\/p>\n<p><a href=\"https:\/\/goo.gl\/photos\/hbssbrPKieV6P4m77\">2013 10 OCTOBRE LANESTER<\/a><\/p>\n<p><a href=\"https:\/\/goo.gl\/photos\/3uzBLqypkRDKdXfV9\">2013 06 29 coupe BZH JKA Rosporden<\/a><\/p>\n<p><a href=\"https:\/\/goo.gl\/photos\/j1qC46p75oWHEr876\">2013 04 20 f\u00eate du sport Lanester<\/a><\/p>\n<p><a href=\"https:\/\/goo.gl\/photos\/nsP3BDmccqayMHtZ9\">2013 04 06 cours FLL<\/a><\/p>\n<p><a href=\"https:\/\/goo.gl\/photos\/12romri71kXd2hrv7\">2013 03 8 &amp; 9 stage JKA au FLL<\/a><\/p>\n<p><a href=\"https:\/\/goo.gl\/photos\/m7KiZjahHapYvp85A\">2013 02 stage club du 1er f\u00e9vrier 2013<\/a><\/p>\n<p><a href=\"https:\/\/goo.gl\/photos\/TkbMnAgGk6taqeNs5\">2013 01 25 Cours FLL<\/a><\/p>\n<p><a href=\"https:\/\/goo.gl\/photos\/vLPbPaiPgvgwV3zB8\">2012 12 JKA CHRISTMAS CAMP LA ROCHE SUR YON d\u00e9cembre 2012<\/a><\/p>\n<p><a href=\"https:\/\/goo.gl\/photos\/93GtfoCG4HmR6xLE6\">2012 12 CEINTURES NOIRES NITEN RYU KARATE LANESTER<\/a><\/p>\n<p><a href=\"https:\/\/goo.gl\/photos\/wGb4fCsFXfpkDGBm9\">2012 05 Stage D. LAUTIER &#8211; 13 mai 2012 NIORT<\/a><\/p>\n<\/div>\n","protected":false},"excerpt":{"rendered":"<p>les photos sont rassembl\u00e9es dans des albums disponibles sur google plus\u00a0\u00a0\u00a0 Stages D LORHO f\u00e9vrier mars 2026 Grades Enfants du 31 janvier 2026 Grades ados adultes du 30 janvier 2026 Galette des rois du 24 janvier 2026 2025 12 20 &hellip; <a href=\"https:\/\/karate-lanester.org\/index.php\/photos\/\">Continuer la lecture <span class=\"meta-nav\">&rarr;<\/span><\/a><\/p>\n","protected":false},"author":1,"featured_media":0,"parent":0,"menu_order":0,"comment_status":"closed","ping_status":"closed","template":"","meta":{"footnotes":""},"class_list":["post-30","page","type-page","status-publish","hentry"],"_links":{"self":[{"href":"https:\/\/karate-lanester.org\/index.php\/wp-json\/wp\/v2\/pages\/30","targetHints":{"allow":["GET"]}}],"collection":[{"href":"https:\/\/karate-lanester.org\/index.php\/wp-json\/wp\/v2\/pages"}],"about":[{"href":"https:\/\/karate-lanester.org\/index.php\/wp-json\/wp\/v2\/types\/page"}],"author":[{"embeddable":true,"href":"https:\/\/karate-lanester.org\/index.php\/wp-json\/wp\/v2\/users\/1"}],"replies":[{"embeddable":true,"href":"https:\/\/karate-lanester.org\/index.php\/wp-json\/wp\/v2\/comments?post=30"}],"version-history":[{"count":77,"href":"https:\/\/karate-lanester.org\/index.php\/wp-json\/wp\/v2\/pages\/30\/revisions"}],"predecessor-version":[{"id":3522,"href":"https:\/\/karate-lanester.org\/index.php\/wp-json\/wp\/v2\/pages\/30\/revisions\/3522"}],"wp:attachment":[{"href":"https:\/\/karate-lanester.org\/index.php\/wp-json\/wp\/v2\/media?parent=30"}],"curies":[{"name":"wp","href":"https:\/\/api.w.org\/{rel}","templated":true}]}}