{"id":308,"date":"2016-11-28T13:18:10","date_gmt":"2016-11-28T12:18:10","guid":{"rendered":"http:\/\/karate-lanester.org\/?page_id=308"},"modified":"2023-07-09T15:22:08","modified_gmt":"2023-07-09T14:22:08","slug":"organisation-de-la-section-karate-du-fll","status":"publish","type":"page","link":"https:\/\/karate-lanester.org\/index.php\/organisation-de-la-section-karate-du-fll\/","title":{"rendered":"Karat\u00e9 au FLL"},"content":{"rendered":"\n<p>La section\nKarat\u00e9 du Foyer La\u00efque de Lanester a \u00e9t\u00e9 cr\u00e9\u00e9e en septembre 1985 par Pierre\nYves LE TROCQUER et Jean Pierre JOSSE au sein du Foyer La\u00efque de Lanester.<\/p>\n\n\n\n<p>&nbsp; Le Dojo est situ\u00e9 \u00e0 l\u2019\u00e9tage de l\u2019ancien cin\u00e9ma \u00ab&nbsp;LE CELTIC&nbsp;\u00bb au 4 rue G\u00e9rard Philippe \u00e0 LANESTER<br> La section est affili\u00e9e \u00e0 la <a href=\"http:\/\/www.ffkarate.fr\">F\u00c9D\u00c9RATION FRAN\u00c7AISE DE KARAT\u00c9<\/a> ET DISCIPLINES ASSOCI\u00c9ES sous le num\u00e9ro 0560008.<\/p>\n\n\n\n<p>Depuis sa cr\u00e9ation en 1985, la section karat\u00e9 est pilot\u00e9e par Pierre Yves LE TROCQUER avec toujours le m\u00eame souci de transmettre ce que l\u2019on a appris.<\/p>\n\n\n\n<p>Nous pratiquons le Karat\u00e9 de l\u2019\u00c9cole SHOTOKAN. <\/p>\n\n\n\n<p>Par choix personnel, Pierre Yves Le Trocquer \u00e0 choisi de suivre les principes de l&rsquo;\u00e9cole du Ma\u00eetre KANAZAWA.<\/p>\n\n\n\n<p>D\u00e8s l\u2019origine, il a souhait\u00e9 que la section ait plusieurs \u00e9ducateurs et que ceux-ci soient reconnus par les instances f\u00e9d\u00e9rales.<\/p>\n\n\n\n<p>Dans les faits, cela implique de toujours se former &#8211; sur le plan karat\u00e9 et sur le plan p\u00e9dagogique &#8211; et d\u2019aider les autres \u00e0 le faire pour permettre aux adh\u00e9rents de b\u00e9n\u00e9ficier d\u2019un enseignement \u00e9largi aux comp\u00e9tences de plusieurs instructeurs. Ceux-ci participent \u00e0 diff\u00e9rents stages qu\u2019ils choisissent afin d\u2019enrichir leur bagage de karat\u00e9ka, \u00e9largir leurs champs de comp\u00e9tences et en faire b\u00e9n\u00e9ficier les \u00e9l\u00e8ves.<\/p>\n\n\n\n<p>Ainsi, pas de risque de \u00ab&nbsp;clonage technique&nbsp;\u00bb des pratiquants, mais un r\u00e9el esprit d\u2019ouverture permettant \u00e0 chacun de trouver son mod\u00e8le technique et d\u2019\u00e9voluer dans le groupe. Cette pluralit\u00e9 d\u2019intervenants permet diverses approches d\u2019un m\u00eame concept technique tout en restant dans une d\u00e9marche partag\u00e9e sur l\u2019apprentissage \u00e0 mettre en \u0153uvre et le respect du style Shotokan.<\/p>\n\n\n\n<p>Le karat\u00e9 au FLL, une affaire de comp\u00e9tences\u2026<\/p>\n\n\n\n<p>Ces \u00e9ducateurs sont titulaires de grades de ceintures noires FFKDA et de dipl\u00f4mes d\u2019enseignement (brevets d\u2019Etat et F\u00e9d\u00e9raux). <\/p>\n\n\n\n<p>Parall\u00e8lement, le club a organis\u00e9 au fil des ann\u00e9es des partages avec les autres styles de karat\u00e9 pr\u00e9sents en Bretagne (WADO RYU, SHITO RYU, GOJU RYU, SHTOKAN OSHIMA..)<br>En 2022, nous avons profit\u00e9 des comp\u00e9tences d&rsquo;un expert f\u00e9d\u00e9ral de l&rsquo;\u00e9cole UECHI RYU pour d\u00e9couvrir ce karat\u00e9 d&rsquo;OKINAWA.<\/p>\n\n\n\n<p>Chaque ann\u00e9e,\nle FLL propose des cours anim\u00e9s par 6 \u00e0 8 formateurs valid\u00e9s par des grades\n(technique) et des dipl\u00f4mes (p\u00e9dagogie et savoir).<\/p>\n\n\n\n<p>Le club touche toutes les g\u00e9n\u00e9rations. Les plus jeunes ont 6 ans, les plus vieux la soixantaine largement d\u00e9pass\u00e9e. Quelques parents se sont inscrits apr\u00e8s avoir d\u2019abord accompagn\u00e9 leurs enfants. Deux \u00e9ducateurs du club sont dans ce cas !<\/p>\n\n\n\n<p>Le club propose des s\u00e9ances en matin\u00e9e les mardi, jeudi, vendredi et samedi. Cela nous permet d&rsquo;accueillir une population peu disponible en soir\u00e9e. Le d\u00e9tail des cours dispens\u00e9s est accessible dans la page <a href=\"https:\/\/karate-lanester.org\/index.php\/horaires-de-cours\/\">cours<\/a>, les plannings dans la page <a href=\"https:\/\/karate-lanester.org\/index.php\/page-d-exemple\/\">calendrier<\/a>.<\/p>\n\n\n\n<p>Au plaisir de vous rencontrer pour vos premiers pas de karat\u00e9ka&#8230;.<\/p>\n","protected":false},"excerpt":{"rendered":"<p>La section Karat\u00e9 du Foyer La\u00efque de Lanester a \u00e9t\u00e9 cr\u00e9\u00e9e en septembre 1985 par Pierre Yves LE TROCQUER et Jean Pierre JOSSE au sein du Foyer La\u00efque de Lanester. &nbsp; Le Dojo est situ\u00e9 \u00e0 l\u2019\u00e9tage de l\u2019ancien cin\u00e9ma &hellip; <a href=\"https:\/\/karate-lanester.org\/index.php\/organisation-de-la-section-karate-du-fll\/\">Continuer la lecture <span class=\"meta-nav\">&rarr;<\/span><\/a><\/p>\n","protected":false},"author":1,"featured_media":0,"parent":0,"menu_order":0,"comment_status":"closed","ping_status":"closed","template":"","meta":{"footnotes":""},"class_list":["post-308","page","type-page","status-publish","hentry"],"_links":{"self":[{"href":"https:\/\/karate-lanester.org\/index.php\/wp-json\/wp\/v2\/pages\/308","targetHints":{"allow":["GET"]}}],"collection":[{"href":"https:\/\/karate-lanester.org\/index.php\/wp-json\/wp\/v2\/pages"}],"about":[{"href":"https:\/\/karate-lanester.org\/index.php\/wp-json\/wp\/v2\/types\/page"}],"author":[{"embeddable":true,"href":"https:\/\/karate-lanester.org\/index.php\/wp-json\/wp\/v2\/users\/1"}],"replies":[{"embeddable":true,"href":"https:\/\/karate-lanester.org\/index.php\/wp-json\/wp\/v2\/comments?post=308"}],"version-history":[{"count":17,"href":"https:\/\/karate-lanester.org\/index.php\/wp-json\/wp\/v2\/pages\/308\/revisions"}],"predecessor-version":[{"id":2633,"href":"https:\/\/karate-lanester.org\/index.php\/wp-json\/wp\/v2\/pages\/308\/revisions\/2633"}],"wp:attachment":[{"href":"https:\/\/karate-lanester.org\/index.php\/wp-json\/wp\/v2\/media?parent=308"}],"curies":[{"name":"wp","href":"https:\/\/api.w.org\/{rel}","templated":true}]}}