{"id":3424,"date":"2025-11-14T16:10:52","date_gmt":"2025-11-14T15:10:52","guid":{"rendered":"https:\/\/karate-lanester.org\/?page_id=3424"},"modified":"2025-12-06T17:02:37","modified_gmt":"2025-12-06T16:02:37","slug":"elections-federales-2025","status":"publish","type":"page","link":"https:\/\/karate-lanester.org\/index.php\/elections-federales-2025\/","title":{"rendered":"ELECTIONS FEDERALES 2025"},"content":{"rendered":"\n<div data-wp-interactive=\"core\/file\" class=\"wp-block-file\"><object data-wp-bind--hidden=\"!state.hasPdfPreview\" hidden class=\"wp-block-file__embed\" data=\"https:\/\/karate-lanester.org\/wp-content\/uploads\/2025\/12\/Gilles-CHERDIEU-Elu-President-de-la-FFKDA.pdf\" type=\"application\/pdf\" style=\"width:100%;height:600px\" aria-label=\"Contenu embarqu\u00e9 Gilles CHERDIEU Elu Pr\u00e9sident de la FFKDA.\"><\/object><a id=\"wp-block-file--media-ffbe6ce6-af01-434a-bc4d-45edd7e74e59\" href=\"https:\/\/karate-lanester.org\/wp-content\/uploads\/2025\/12\/Gilles-CHERDIEU-Elu-President-de-la-FFKDA.pdf\">Gilles CHERDIEU Elu Pr\u00e9sident de la FFKDA<\/a><a href=\"https:\/\/karate-lanester.org\/wp-content\/uploads\/2025\/12\/Gilles-CHERDIEU-Elu-President-de-la-FFKDA.pdf\" class=\"wp-block-file__button wp-element-button\" download aria-describedby=\"wp-block-file--media-ffbe6ce6-af01-434a-bc4d-45edd7e74e59\">T\u00e9l\u00e9charger<\/a><\/div>\n\n\n\n<div data-wp-interactive=\"core\/file\" class=\"wp-block-file\"><object data-wp-bind--hidden=\"!state.hasPdfPreview\" hidden class=\"wp-block-file__embed\" data=\"https:\/\/karate-lanester.org\/wp-content\/uploads\/2025\/12\/PV-AG-Elective-du-21-28-novembre-2025.pdf\" type=\"application\/pdf\" style=\"width:100%;height:600px\" aria-label=\"Contenu embarqu\u00e9 PV-AG-Elective-du-21-28-novembre-2025.\"><\/object><a id=\"wp-block-file--media-5cb1ce48-7fa0-4fe8-953c-e8820e3d3fde\" href=\"https:\/\/karate-lanester.org\/wp-content\/uploads\/2025\/12\/PV-AG-Elective-du-21-28-novembre-2025.pdf\">PV-AG-Elective-du-21-28-novembre-2025<\/a><a href=\"https:\/\/karate-lanester.org\/wp-content\/uploads\/2025\/12\/PV-AG-Elective-du-21-28-novembre-2025.pdf\" class=\"wp-block-file__button wp-element-button\" download aria-describedby=\"wp-block-file--media-5cb1ce48-7fa0-4fe8-953c-e8820e3d3fde\">T\u00e9l\u00e9charger<\/a><\/div>\n\n\n\n<h2 class=\"wp-block-heading\">Les candidatures :<\/h2>\n\n\n\n<p>Retrouvez ci-dessous les candidatures valid\u00e9es par la Commission de surveillance des op\u00e9rations \u00e9lectorales par ordre alphab\u00e9tique. Source : site f\u00e9d\u00e9ral <a href=\"https:\/\/www.ffkarate.fr\/election-presidentielle-2\/\">https:\/\/www.ffkarate.fr\/election-presidentielle-2\/<\/a><\/p>\n\n\n\n<div data-wp-interactive=\"core\/file\" class=\"wp-block-file\"><object data-wp-bind--hidden=\"!state.hasPdfPreview\" hidden class=\"wp-block-file__embed\" data=\"https:\/\/karate-lanester.org\/wp-content\/uploads\/2025\/11\/00-CESARO_DOSSIER-COMPLET-V1.pdf\" type=\"application\/pdf\" style=\"width:100%;height:600px\" aria-label=\"Contenu embarqu\u00e9 00-CESARO_DOSSIER-COMPLET-V1.\"><\/object><a id=\"wp-block-file--media-c4a3aed9-8308-40a7-bd97-7b4445970a8e\" href=\"https:\/\/karate-lanester.org\/wp-content\/uploads\/2025\/11\/00-CESARO_DOSSIER-COMPLET-V1.pdf\">00-CESARO_DOSSIER-COMPLET-V1<\/a><a href=\"https:\/\/karate-lanester.org\/wp-content\/uploads\/2025\/11\/00-CESARO_DOSSIER-COMPLET-V1.pdf\" class=\"wp-block-file__button wp-element-button\" download aria-describedby=\"wp-block-file--media-c4a3aed9-8308-40a7-bd97-7b4445970a8e\">T\u00e9l\u00e9charger<\/a><\/div>\n\n\n\n<div data-wp-interactive=\"core\/file\" class=\"wp-block-file\"><object data-wp-bind--hidden=\"!state.hasPdfPreview\" hidden class=\"wp-block-file__embed\" data=\"https:\/\/karate-lanester.org\/wp-content\/uploads\/2025\/11\/00-CHERDIEU_DOSSIER-COMPLET.pdf\" type=\"application\/pdf\" style=\"width:100%;height:600px\" aria-label=\"Contenu embarqu\u00e9 00-CHERDIEU_DOSSIER-COMPLET.\"><\/object><a id=\"wp-block-file--media-c22e4013-80af-419a-998a-013b219a1f68\" href=\"https:\/\/karate-lanester.org\/wp-content\/uploads\/2025\/11\/00-CHERDIEU_DOSSIER-COMPLET.pdf\">00-CHERDIEU_DOSSIER-COMPLET<\/a><a href=\"https:\/\/karate-lanester.org\/wp-content\/uploads\/2025\/11\/00-CHERDIEU_DOSSIER-COMPLET.pdf\" class=\"wp-block-file__button wp-element-button\" download aria-describedby=\"wp-block-file--media-c22e4013-80af-419a-998a-013b219a1f68\">T\u00e9l\u00e9charger<\/a><\/div>\n\n\n\n<div data-wp-interactive=\"core\/file\" class=\"wp-block-file\"><object data-wp-bind--hidden=\"!state.hasPdfPreview\" hidden class=\"wp-block-file__embed\" data=\"https:\/\/karate-lanester.org\/wp-content\/uploads\/2025\/11\/00-OUDOUA-PIE_DOSSIER-COMPLET-VF-2.pdf\" type=\"application\/pdf\" style=\"width:100%;height:600px\" aria-label=\"Contenu embarqu\u00e9 00-OUDOUA-PIE_DOSSIER-COMPLET-VF.\"><\/object><a id=\"wp-block-file--media-10056640-736b-42f8-9629-e957fecb125f\" href=\"https:\/\/karate-lanester.org\/wp-content\/uploads\/2025\/11\/00-OUDOUA-PIE_DOSSIER-COMPLET-VF-2.pdf\">00-OUDOUA-PIE_DOSSIER-COMPLET-VF<\/a><a href=\"https:\/\/karate-lanester.org\/wp-content\/uploads\/2025\/11\/00-OUDOUA-PIE_DOSSIER-COMPLET-VF-2.pdf\" class=\"wp-block-file__button wp-element-button\" download aria-describedby=\"wp-block-file--media-10056640-736b-42f8-9629-e957fecb125f\">T\u00e9l\u00e9charger<\/a><\/div>\n\n\n\n<div data-wp-interactive=\"core\/file\" class=\"wp-block-file\"><object data-wp-bind--hidden=\"!state.hasPdfPreview\" hidden class=\"wp-block-file__embed\" data=\"https:\/\/karate-lanester.org\/wp-content\/uploads\/2025\/11\/00-RINO_DOSSIER-COMPLET.pdf\" type=\"application\/pdf\" style=\"width:100%;height:600px\" aria-label=\"Contenu embarqu\u00e9 00-RINO_DOSSIER-COMPLET.\"><\/object><a id=\"wp-block-file--media-71a7e09a-b51d-432e-b949-0e699ca2f5bc\" href=\"https:\/\/karate-lanester.org\/wp-content\/uploads\/2025\/11\/00-RINO_DOSSIER-COMPLET.pdf\">00-RINO_DOSSIER-COMPLET<\/a><a href=\"https:\/\/karate-lanester.org\/wp-content\/uploads\/2025\/11\/00-RINO_DOSSIER-COMPLET.pdf\" class=\"wp-block-file__button wp-element-button\" download aria-describedby=\"wp-block-file--media-71a7e09a-b51d-432e-b949-0e699ca2f5bc\">T\u00e9l\u00e9charger<\/a><\/div>\n\n\n\n<div data-wp-interactive=\"core\/file\" class=\"wp-block-file\"><object data-wp-bind--hidden=\"!state.hasPdfPreview\" hidden class=\"wp-block-file__embed\" data=\"https:\/\/karate-lanester.org\/wp-content\/uploads\/2025\/12\/Rapport-de-mission-des-mandataires-Election-presidentielle-2025-FFK-DA.pdf\" type=\"application\/pdf\" style=\"width:100%;height:600px\" aria-label=\"Contenu embarqu\u00e9 Rapport-de-mission-des-mandataires-Election-presidentielle-2025-FFK-DA.\"><\/object><a id=\"wp-block-file--media-c3d6fcbe-92d0-4ac6-b843-6263b00058f2\" href=\"https:\/\/karate-lanester.org\/wp-content\/uploads\/2025\/12\/Rapport-de-mission-des-mandataires-Election-presidentielle-2025-FFK-DA.pdf\">Rapport-de-mission-des-mandataires-Election-presidentielle-2025-FFK-DA<\/a><a href=\"https:\/\/karate-lanester.org\/wp-content\/uploads\/2025\/12\/Rapport-de-mission-des-mandataires-Election-presidentielle-2025-FFK-DA.pdf\" class=\"wp-block-file__button wp-element-button\" download aria-describedby=\"wp-block-file--media-c3d6fcbe-92d0-4ac6-b843-6263b00058f2\">T\u00e9l\u00e9charger<\/a><\/div>\n","protected":false},"excerpt":{"rendered":"<p>Les candidatures : Retrouvez ci-dessous les candidatures valid\u00e9es par la Commission de surveillance des op\u00e9rations \u00e9lectorales par ordre alphab\u00e9tique. Source : site f\u00e9d\u00e9ral https:\/\/www.ffkarate.fr\/election-presidentielle-2\/<\/p>\n","protected":false},"author":1,"featured_media":0,"parent":0,"menu_order":0,"comment_status":"closed","ping_status":"closed","template":"","meta":{"footnotes":""},"class_list":["post-3424","page","type-page","status-publish","hentry"],"_links":{"self":[{"href":"https:\/\/karate-lanester.org\/index.php\/wp-json\/wp\/v2\/pages\/3424","targetHints":{"allow":["GET"]}}],"collection":[{"href":"https:\/\/karate-lanester.org\/index.php\/wp-json\/wp\/v2\/pages"}],"about":[{"href":"https:\/\/karate-lanester.org\/index.php\/wp-json\/wp\/v2\/types\/page"}],"author":[{"embeddable":true,"href":"https:\/\/karate-lanester.org\/index.php\/wp-json\/wp\/v2\/users\/1"}],"replies":[{"embeddable":true,"href":"https:\/\/karate-lanester.org\/index.php\/wp-json\/wp\/v2\/comments?post=3424"}],"version-history":[{"count":5,"href":"https:\/\/karate-lanester.org\/index.php\/wp-json\/wp\/v2\/pages\/3424\/revisions"}],"predecessor-version":[{"id":3463,"href":"https:\/\/karate-lanester.org\/index.php\/wp-json\/wp\/v2\/pages\/3424\/revisions\/3463"}],"wp:attachment":[{"href":"https:\/\/karate-lanester.org\/index.php\/wp-json\/wp\/v2\/media?parent=3424"}],"curies":[{"name":"wp","href":"https:\/\/api.w.org\/{rel}","templated":true}]}}