{"id":665,"date":"2017-10-10T16:09:15","date_gmt":"2017-10-10T15:09:15","guid":{"rendered":"http:\/\/karate-lanester.org\/?page_id=665"},"modified":"2019-07-09T20:54:48","modified_gmt":"2019-07-09T19:54:48","slug":"competitions-federales","status":"publish","type":"page","link":"https:\/\/karate-lanester.org\/index.php\/competitions-federales\/","title":{"rendered":"Comp\u00e9titions F\u00e9d\u00e9rales"},"content":{"rendered":"<p><a href=\"https:\/\/karate-lanester.org\/wp-content\/uploads\/2018\/05\/RESULTATS-COMPETITION.pdf\">RESULTATS COMPETITION<\/a><\/p>\n<p><strong>Principes g\u00e9n\u00e9raux d&rsquo;organisation des comp\u00e9titions de Karat\u00e9.<\/strong><\/p>\n<p>Les comp\u00e9titions f\u00e9d\u00e9rales sont r\u00e9gies par un <a href=\"http:\/\/www.ffkarate.fr\/wp-content\/uploads\/2017\/09\/REGLEMENT-COMPETITIONS-2017-2018_26-07-2017.pdf\">r\u00e8glement national<\/a> qui s&rsquo;impose \u00e0 tous les participants et organisateurs.<\/p>\n<p>Tr\u00e8s complexe, compte tenu de toutes les formes de comp\u00e9titions mises en \u0153uvre, ce r\u00e8glement est mis \u00e0 jour par la f\u00e9d\u00e9ration. Les d\u00e9cisions prises s&rsquo;imposent \u00e0 tous. Certains r\u00e8glements sp\u00e9cifiques existent, notamment pour les <a href=\"http:\/\/www.ffkarate.fr\/competitions\/manifestations-jeunes\/\">COMP\u00c9TITIONS JEUNES<\/a><\/p>\n<p>Il faut retenir, avant de s\u2019immerger dans la lecture des r\u00e8glements, quelques notions fondamentales. Pour participer \u00e0 des comp\u00e9titions f\u00e9d\u00e9rales, il faut \u00eatre adh\u00e9rent de la f\u00e9d\u00e9ration ! La preuve de cette adh\u00e9sion est la licence f\u00e9d\u00e9rale.<br \/>\n<em>Pas de licence ?\u00a0\u00a0\u00a0 Pas de participation aux comp\u00e9titions !<\/em><\/p>\n<p><em>Pour obtenir une licence, il faut pr\u00e9senter un certificat m\u00e9dical, et si l&rsquo;on est mineur une <a href=\"https:\/\/karate-lanester.org\/wp-content\/uploads\/2019\/07\/Autorisation_Parentale_2019.pdf\">Autorisation_Parentale<\/a>.<\/em><\/p>\n<p>Ces diff\u00e9rents documents, sont consign\u00e9s sur un support unique le PASSEPORT SPORTIF. D\u00e9livr\u00e9 par les clubs qui l&rsquo;ach\u00e8tent \u00e0 la Ligue, il a un cout fix\u00e9 par la F\u00e9d\u00e9ration. 20\u20ac en 2017.<\/p>\n<p>Le club vous inscrit \u00e0 la comp\u00e9tition choisie via un acc\u00e8s d\u00e9di\u00e9 sur le logiciel f\u00e9d\u00e9ral. Celui-ci fait le lien entre le logiciel de licences et la liste des inscrits \u00e0 la comp\u00e9tition. Seul le Pr\u00e9sident du club est titulaire de cet acc\u00e8s. Le cout pour le club est de 3\u20ac par inscription pour chaque comp\u00e9tition.<\/p>\n<p>SUPER ! VOUS ETES INSCRIT A LA COMPETITION!<br \/>\nIl va falloir maintenant respecter certains crit\u00e8res :<br \/>\n* <a href=\"http:\/\/www.ffkarate.fr\/wp-content\/uploads\/2017\/09\/cat%C3%A9gorie_age_poids_2017-2018.pdf\">d\u2019\u00e2ge et de poids,<\/a><br \/>\n* de qualification parfois,<br \/>\n* et vous pr\u00e9senter avec un \u00e9quipement adapt\u00e9 \u00e0 la comp\u00e9tition \u00e0 laquelle vous participez<\/p>\n<p><a href=\"http:\/\/www.ffkarate.fr\/wp-content\/uploads\/2016\/10\/reglementation-protection-combat-2009.pdf\"><strong>Pour les comp\u00e9titions COMBAT (KUMITE)<\/strong><\/a><br \/>\npour chaque type de protection sont expos\u00e9s les justifications ergonomiques qui ont guid\u00e9 les choix de forme et de mati\u00e8re. Ces choix sont issus de l\u2019exp\u00e9rience acquise lors de l\u2019observation des qualit\u00e9s et d\u00e9fauts des mod\u00e8les pr\u00e9c\u00e9demment utilis\u00e9s en comp\u00e9tition, et d\u2019une r\u00e9flexion visant \u00e0 concilier plusieurs objectifs :<\/p>\n<p><strong>\u00a0Assurer la s\u00e9curit\u00e9 des combattants.<\/strong><br \/>\nL\u2019objectif des protections est de permettre \u00e0 des athl\u00e8tes de pouvoir s\u2019affronter en minimisant les risques de blessures. Les protections doivent donc \u00eatre con\u00e7ues pour limiter les blessures en cas de contact accidentel sur une zone corporelle interdite ou en cas de contact excessif sur une zone corporelle autoris\u00e9e.<br \/>\n<strong>Ne pas g\u00eaner l\u2019ex\u00e9cution des techniques.<\/strong><br \/>\nLes protections doivent \u00eatre con\u00e7ues de fa\u00e7on \u00e0 g\u00eaner le moins possible les combattants dans leurs techniques de prise d\u2019appui, de d\u00e9placement, de frappe ou de parade. R\u00e9sistance \u00e0 l\u2019usure.<br \/>\nles protections doivent satisfaire aux deux premiers objectifs \u00e0 l\u2019\u00e9tat neuf, mais aussi pour un temps d\u2019utilisation important en comp\u00e9tition ou \u00e0 l\u2019entra\u00eenement. Pour cette raison certaines caract\u00e9ristiques des protections ont \u00e9t\u00e9 d\u00e9finies pour augmenter leur r\u00e9sistance \u00e0 l\u2019usure : zones de renfort, qualit\u00e9 des mati\u00e8res, qualit\u00e9 des coutures ou des assemblages, etc.<\/p>\n","protected":false},"excerpt":{"rendered":"<p>RESULTATS COMPETITION Principes g\u00e9n\u00e9raux d&rsquo;organisation des comp\u00e9titions de Karat\u00e9. Les comp\u00e9titions f\u00e9d\u00e9rales sont r\u00e9gies par un r\u00e8glement national qui s&rsquo;impose \u00e0 tous les participants et organisateurs. Tr\u00e8s complexe, compte tenu de toutes les formes de comp\u00e9titions mises en \u0153uvre, ce &hellip; <a href=\"https:\/\/karate-lanester.org\/index.php\/competitions-federales\/\">Continuer la lecture <span class=\"meta-nav\">&rarr;<\/span><\/a><\/p>\n","protected":false},"author":1,"featured_media":0,"parent":0,"menu_order":0,"comment_status":"closed","ping_status":"closed","template":"","meta":{"footnotes":""},"class_list":["post-665","page","type-page","status-publish","hentry"],"_links":{"self":[{"href":"https:\/\/karate-lanester.org\/index.php\/wp-json\/wp\/v2\/pages\/665","targetHints":{"allow":["GET"]}}],"collection":[{"href":"https:\/\/karate-lanester.org\/index.php\/wp-json\/wp\/v2\/pages"}],"about":[{"href":"https:\/\/karate-lanester.org\/index.php\/wp-json\/wp\/v2\/types\/page"}],"author":[{"embeddable":true,"href":"https:\/\/karate-lanester.org\/index.php\/wp-json\/wp\/v2\/users\/1"}],"replies":[{"embeddable":true,"href":"https:\/\/karate-lanester.org\/index.php\/wp-json\/wp\/v2\/comments?post=665"}],"version-history":[{"count":14,"href":"https:\/\/karate-lanester.org\/index.php\/wp-json\/wp\/v2\/pages\/665\/revisions"}],"predecessor-version":[{"id":1231,"href":"https:\/\/karate-lanester.org\/index.php\/wp-json\/wp\/v2\/pages\/665\/revisions\/1231"}],"wp:attachment":[{"href":"https:\/\/karate-lanester.org\/index.php\/wp-json\/wp\/v2\/media?parent=665"}],"curies":[{"name":"wp","href":"https:\/\/api.w.org\/{rel}","templated":true}]}}