{"id":724,"date":"2017-12-15T15:41:29","date_gmt":"2017-12-15T14:41:29","guid":{"rendered":"http:\/\/karate-lanester.org\/?page_id=724"},"modified":"2024-12-27T15:33:52","modified_gmt":"2024-12-27T14:33:52","slug":"karate-seniors","status":"publish","type":"page","link":"https:\/\/karate-lanester.org\/index.php\/karate-seniors\/","title":{"rendered":"Karat\u00e9 SANTE"},"content":{"rendered":"<p><img loading=\"lazy\" decoding=\"async\" class=\"alignnone size-medium wp-image-2741\" src=\"https:\/\/karate-lanester.org\/wp-content\/uploads\/2023\/09\/20230915_114551-300x169.jpg\" alt=\"\" width=\"300\" height=\"169\" srcset=\"https:\/\/karate-lanester.org\/wp-content\/uploads\/2023\/09\/20230915_114551-300x169.jpg 300w, https:\/\/karate-lanester.org\/wp-content\/uploads\/2023\/09\/20230915_114551-1024x576.jpg 1024w, https:\/\/karate-lanester.org\/wp-content\/uploads\/2023\/09\/20230915_114551-768x432.jpg 768w, https:\/\/karate-lanester.org\/wp-content\/uploads\/2023\/09\/20230915_114551.jpg 1280w\" sizes=\"auto, (max-width: 300px) 100vw, 300px\" \/><\/p>\n<p>Cr\u00e9er un cours \u00ab\u00a0karat\u00e9 sant\u00e9\u00a0\u00bb n\u2019est pas simplement un affichage. Le concept de sant\u00e9 est bien trop important.<br \/>\nCes cours sont \u00e0 priori destin\u00e9s \u00e0 une population de seniors, sportifs ou non, qui souhaitent pratiquer une activit\u00e9 physique adapt\u00e9e, non traumatisante que ce soit pour les articulations ou le syst\u00e8me cardiovasculaire.<\/p>\n<p>Les participants sont d\u2019anciens karat\u00e9kas contraints d\u2019arr\u00eater pour diverses raisons, des d\u00e9butants qui se disent \u00ab\u00a0pourquoi pas moi\u00a0?\u00bb des personnes en recherche de bien \u00eatre ou de pratiques d\u2019autod\u00e9fense\u2026 \u00a0Il n\u2019y a pas de profil type, il faut essayer et se faire une id\u00e9e. Monter les escaliers du dojo est d\u00e9j\u00e0 une excellente approche\u00a0!<\/p>\n<p>L\u2019id\u00e9e du \u00ab\u00a0karat\u00e9 sant\u00e9\u00a0\u00bb est de lutter contre les troubles de l\u2019\u00e9quilibre, la s\u00e9dentarisation\u2026<br \/>\nChaque semaine, trois s\u00e9ances abordent ce concept. Elles se d\u00e9roulent le mardi, le jeudi et le vendredi de 10h00 \u00e0 midi.<\/p>\n<p>Seul ou \u00e0 deux, le karat\u00e9 s\u2019adapte \u00e0 chacun. Au travers du travail des katas, vous pouvez vous exprimer seul et gagner en confiance. Vous pouvez aussi pratiquer les m\u00eames katas \u00e0 plusieurs pour travailler davantage sur les probl\u00e8mes de coordination de rythme. Vous devrez en m\u00eame temps vous concentrer sur votre propre pratique tout en int\u00e9grant la pratique des partenaires \u00e0 proximit\u00e9.<br \/>\nC\u2019est \u00e9galement un travail de m\u00e9moire notamment quand un des partenaires se trompe\u00a0!<\/p>\n<p>Enfin la FFKAMA est tr\u00e8s attentive \u00e0 ce concept de \u00ab karat\u00e9 sant\u00e9 \u00bb et la commission m\u00e9dicale en charge de ce dossier a \u00e9tabli un document synth\u00e9tisant les types de pratique en fonction des \u00e2ges et les b\u00e9n\u00e9fices que l\u2019on peut en attendre d\u2019un point de vue sant\u00e9 : A chacun son rythme, \u00e0 chacun sa pratique : <a href=\"https:\/\/karate-lanester.org\/wp-content\/uploads\/2023\/08\/A-Chacun-son-rythme-1.pdf\">A Chacun son rythme<\/a><\/p>\n<p><img loading=\"lazy\" decoding=\"async\" class=\"alignnone size-medium wp-image-3029\" src=\"https:\/\/karate-lanester.org\/wp-content\/uploads\/2024\/12\/20241208_122520-300x107.jpg\" alt=\"\" width=\"300\" height=\"107\" srcset=\"https:\/\/karate-lanester.org\/wp-content\/uploads\/2024\/12\/20241208_122520-300x107.jpg 300w, https:\/\/karate-lanester.org\/wp-content\/uploads\/2024\/12\/20241208_122520-1024x367.jpg 1024w, https:\/\/karate-lanester.org\/wp-content\/uploads\/2024\/12\/20241208_122520-768x275.jpg 768w, https:\/\/karate-lanester.org\/wp-content\/uploads\/2024\/12\/20241208_122520.jpg 1234w\" sizes=\"auto, (max-width: 300px) 100vw, 300px\" \/><\/p>\n<p><strong><em>Exemple d\u2019un PLAN de S\u00c9ANCE<\/em><\/strong><\/p>\n<p>Toute s\u00e9ance de KARATE d\u00e9bute par le c\u00e9r\u00e9monial.\u00a0 L\u2019accent est mis sur la maitrise de la respiration pour se mettre en position de ZAZEN ;<\/p>\n<p>ECHAUFFEMENT<br \/>\nLa mise en condition est ax\u00e9e sur la mise en route cardio-vasculaire et la disponibilit\u00e9 articulaire. Il s\u2019agit d\u2019un \u00e9chauffement doux sans aspect musculation pouvant faire appel \u00e0 des techniques d\u2019\u00e9tirement (contraction \/ rel\u00e2chement) de groupes musculaires sp\u00e9cifiques.<\/p>\n<p>Cette partie du d\u00e9but de s\u00e9ance vise \u00e0 permettre au pratiquant de se concentrer sur son rythme respiratoire en harmonie avec son rythme cardiaque qui s\u2019acc\u00e9l\u00e8re pendant l\u2019\u00e9chauffement.<br \/>\nLe travail se fait sans grands d\u00e9placements et accompagne une progression de l\u2019amplitude gestuelle des bras.<\/p>\n<h1>TECHNIQUE &amp; DEPLACEMENTS<\/h1>\n<p>L\u2019apprentissage technique est bas\u00e9 sur la forme karat\u00e9 : d\u00e9couverte du geste (forme, trajectoire), utilit\u00e9 du geste (exemples de situations).<br \/>\nL\u2019apprentissage des d\u00e9placements sp\u00e9cifiques au karat\u00e9 permet de travailler toutes les formes d\u2019esquives. Le kata est le support essentiel.<br \/>\n\u00c9quilibre, coordination, m\u00e9morisation des diff\u00e9rentes directions, travail du tempo d\u2019ex\u00e9cution des d\u00e9placements, diversit\u00e9s des situations propos\u00e9es sont les points essentiels abord\u00e9s.<\/p>\n<p>L\u2019accompagnement respiration s\u2019ajoute et devient le principal objet de l\u2019apprentissage. La sp\u00e9cificit\u00e9 respiratoire dans ces exercices tient au fait que les rythmes inspiration\/expiration sont variables et qu\u2019il y a une recherche du KIME \u2013 utilisation d\u2019\u00e9nergie \u2013 aux instants de contact.<\/p>\n<h1>KATAS<\/h1>\n<p>Nous reprenons les katas de l\u2019\u00e9cole SHOTOKAN, ce qui permet de varier les enchainements et les directions.<br \/>\nLa d\u00e9couverte des katas est cons\u00e9cutive d\u2019une d\u00e9couverte des techniques et d\u00e9placements. Apr\u00e8s l\u2019appr\u00e9hension du kata, les formes d\u2019application des techniques contenues sont mises en pratique en collaboration avec des partenaires et l\u2019aide des plus avanc\u00e9s dans la discipline.<br \/>\nCette interaction entre les pratiquants dans les diff\u00e9rents ateliers leur permet de tisser du lien social.<\/p>\n<h1>\u00c9TIREMENTS RESPIRATION<\/h1>\n<p>Cette phase dite \u00ab de retour au calme \u00bb permet de travailler sp\u00e9cifiquement les \u00e9tirements concernant les groupes musculaires sollicit\u00e9s pendant la s\u00e9ance. Le travail en s\u00e9ance \u00e9tant ax\u00e9 sur le contr\u00f4le du \u00ab centre \u00bb, \u00ab TANDEN \u00bb pour les Japonais, les \u00e9tirements feront la part belle aux muscles assurant la liaison entre la colonne vert\u00e9brale et les jambes (PSOAS etc.)<\/p>\n<p><strong><em>FIN de S\u00c9ANCE<\/em><\/strong><\/p>\n<p>Un article paru dans la revue du Collectif IRBMS &#8211; Institut de Recherche du Bien-\u00eatre, de la M\u00e9decine et du Sport Sant\u00e9, Pr\u00e9vention sport sant\u00e9 depuis 1979.<\/p>\n<p><a href=\"https:\/\/karate-lanester.org\/wp-content\/uploads\/2021\/08\/KARATE-SANTE-activit\u00e9-adapt\u00e9e-seniors-IRBMS.pdf\">KARATE SANTE activit\u00e9 adapt\u00e9e seniors IRBMS<\/a><\/p>\n<p>L&rsquo;IRBMS d\u00e9fend depuis plusieurs ann\u00e9es, un concept mixte m\u00e9decine du sport et sport sant\u00e9 dans lequel pr\u00e9vention et sant\u00e9 c\u00f4toient \u00e9troitement l&rsquo;effort et la performance.<\/p>\n","protected":false},"excerpt":{"rendered":"<p>Cr\u00e9er un cours \u00ab\u00a0karat\u00e9 sant\u00e9\u00a0\u00bb n\u2019est pas simplement un affichage. Le concept de sant\u00e9 est bien trop important. Ces cours sont \u00e0 priori destin\u00e9s \u00e0 une population de seniors, sportifs ou non, qui souhaitent pratiquer une activit\u00e9 physique adapt\u00e9e, non &hellip; <a href=\"https:\/\/karate-lanester.org\/index.php\/karate-seniors\/\">Continuer la lecture <span class=\"meta-nav\">&rarr;<\/span><\/a><\/p>\n","protected":false},"author":1,"featured_media":0,"parent":0,"menu_order":0,"comment_status":"closed","ping_status":"closed","template":"","meta":{"footnotes":""},"class_list":["post-724","page","type-page","status-publish","hentry"],"_links":{"self":[{"href":"https:\/\/karate-lanester.org\/index.php\/wp-json\/wp\/v2\/pages\/724","targetHints":{"allow":["GET"]}}],"collection":[{"href":"https:\/\/karate-lanester.org\/index.php\/wp-json\/wp\/v2\/pages"}],"about":[{"href":"https:\/\/karate-lanester.org\/index.php\/wp-json\/wp\/v2\/types\/page"}],"author":[{"embeddable":true,"href":"https:\/\/karate-lanester.org\/index.php\/wp-json\/wp\/v2\/users\/1"}],"replies":[{"embeddable":true,"href":"https:\/\/karate-lanester.org\/index.php\/wp-json\/wp\/v2\/comments?post=724"}],"version-history":[{"count":12,"href":"https:\/\/karate-lanester.org\/index.php\/wp-json\/wp\/v2\/pages\/724\/revisions"}],"predecessor-version":[{"id":3030,"href":"https:\/\/karate-lanester.org\/index.php\/wp-json\/wp\/v2\/pages\/724\/revisions\/3030"}],"wp:attachment":[{"href":"https:\/\/karate-lanester.org\/index.php\/wp-json\/wp\/v2\/media?parent=724"}],"curies":[{"name":"wp","href":"https:\/\/api.w.org\/{rel}","templated":true}]}}