{"id":869,"date":"2018-04-03T15:19:58","date_gmt":"2018-04-03T14:19:58","guid":{"rendered":"http:\/\/karate-lanester.org\/?page_id=869"},"modified":"2019-02-18T11:12:44","modified_gmt":"2019-02-18T10:12:44","slug":"liste-des-kata-par-grade","status":"publish","type":"page","link":"https:\/\/karate-lanester.org\/index.php\/liste-des-kata-par-grade\/","title":{"rendered":"Liste des Kata par grade"},"content":{"rendered":"<table>\n<tbody>\n<tr>\n<td style=\"text-align: center;\" colspan=\"2\" width=\"576\">PROGRAMME KATA PAR GRADE\u00a0 &#8211;\u00a0 C S D G E\u00a0\u00a0\u00a0\u00a0\u00a0 FFKDA<br \/>\n<strong><em>attention : Cette liste peut \u00eatre modifi\u00e9e par la commission F\u00e9d\u00e9rale.<\/em><\/strong><\/td>\n<\/tr>\n<tr>\n<td width=\"201\">1<sup>er<\/sup> Dan<\/td>\n<td width=\"375\">Heian 1 \u2013 2 \u2013 3 \u2013 4 \u2013 5<br \/>\nTEKKI SHODAN<\/td>\n<\/tr>\n<tr>\n<td width=\"201\">2<sup>\u00e8me<\/sup> Dan<\/td>\n<td width=\"375\">BASSA\u00cf DA\u00cf<br \/>\nENPI<br \/>\nJION<br \/>\nHANGETSU<br \/>\nKANKU DAI<\/td>\n<\/tr>\n<tr>\n<td width=\"201\">3<sup>\u00e8me<\/sup> Dan<\/td>\n<td width=\"375\">GANKAKU<br \/>\nJITTE<br \/>\nKANKU SHO<br \/>\nBASSAI SHO<br \/>\nTEKKI NIDAN<\/td>\n<\/tr>\n<tr>\n<td width=\"201\">4<sup>\u00e8me<\/sup> Dan<\/td>\n<td width=\"375\">NIJUSHI HO<br \/>\nSOCHIN<br \/>\nJIIN<br \/>\nUNSU<br \/>\nTEKKI SANDAN<\/td>\n<\/tr>\n<tr>\n<td width=\"201\">5<sup>\u00e8me<\/sup> Dan<\/td>\n<td width=\"375\">GOJUSHI HO SHO<br \/>\nCHINTE<br \/>\nGOJUSHI HO DAI<br \/>\nWANKAN<br \/>\nMEIKYO<\/td>\n<\/tr>\n<\/tbody>\n<\/table>\n","protected":false},"excerpt":{"rendered":"<p>PROGRAMME KATA PAR GRADE\u00a0 &#8211;\u00a0 C S D G E\u00a0\u00a0\u00a0\u00a0\u00a0 FFKDA attention : Cette liste peut \u00eatre modifi\u00e9e par la commission F\u00e9d\u00e9rale. 1er Dan Heian 1 \u2013 2 \u2013 3 \u2013 4 \u2013 5 TEKKI SHODAN 2\u00e8me Dan BASSA\u00cf DA\u00cf &hellip; <a href=\"https:\/\/karate-lanester.org\/index.php\/liste-des-kata-par-grade\/\">Continuer la lecture <span class=\"meta-nav\">&rarr;<\/span><\/a><\/p>\n","protected":false},"author":1,"featured_media":0,"parent":0,"menu_order":0,"comment_status":"closed","ping_status":"closed","template":"","meta":{"footnotes":""},"class_list":["post-869","page","type-page","status-publish","hentry"],"_links":{"self":[{"href":"https:\/\/karate-lanester.org\/index.php\/wp-json\/wp\/v2\/pages\/869","targetHints":{"allow":["GET"]}}],"collection":[{"href":"https:\/\/karate-lanester.org\/index.php\/wp-json\/wp\/v2\/pages"}],"about":[{"href":"https:\/\/karate-lanester.org\/index.php\/wp-json\/wp\/v2\/types\/page"}],"author":[{"embeddable":true,"href":"https:\/\/karate-lanester.org\/index.php\/wp-json\/wp\/v2\/users\/1"}],"replies":[{"embeddable":true,"href":"https:\/\/karate-lanester.org\/index.php\/wp-json\/wp\/v2\/comments?post=869"}],"version-history":[{"count":4,"href":"https:\/\/karate-lanester.org\/index.php\/wp-json\/wp\/v2\/pages\/869\/revisions"}],"predecessor-version":[{"id":1102,"href":"https:\/\/karate-lanester.org\/index.php\/wp-json\/wp\/v2\/pages\/869\/revisions\/1102"}],"wp:attachment":[{"href":"https:\/\/karate-lanester.org\/index.php\/wp-json\/wp\/v2\/media?parent=869"}],"curies":[{"name":"wp","href":"https:\/\/api.w.org\/{rel}","templated":true}]}}